{"id":1507,"date":"2026-03-08T14:05:37","date_gmt":"2026-03-08T14:05:37","guid":{"rendered":"https:\/\/easytopspot.com\/podmienky-pouzitia\/"},"modified":"2026-03-08T14:05:37","modified_gmt":"2026-03-08T14:05:37","slug":"podmienky-pouzitia","status":"publish","type":"page","link":"https:\/\/easytopspot.com\/sk\/podmienky-pouzitia\/","title":{"rendered":"Podmienky Pou\u017eitia"},"content":{"rendered":"<div class=\"fp\">\n<h1>Podmienky Pou\u017eitia<\/h1>\n<p><em>Posledn\u00e1 aktualiz\u00e1cia: Marec 2026<\/em><\/p>\n<p>Obsah EasyTopSpot je len informat\u00edvny. Z\u00fa\u010dast\u0148ujeme sa partnersk\u00fdch programov. V\u0161etok obsah a dizajn je majetkom EasyTopSpot.<\/p>\n<\/div>\n","protected":false},"excerpt":{"rendered":"<p>Podmienky Pou\u017eitia Posledn\u00e1 aktualiz\u00e1cia: Marec 2026 Obsah EasyTopSpot je len informat\u00edvny. Z\u00fa\u010dast\u0148ujeme sa partnersk\u00fdch programov. V\u0161etok obsah a dizajn je majetkom EasyTopSpot.<\/p>\n","protected":false},"author":3,"featured_media":0,"parent":0,"menu_order":0,"comment_status":"closed","ping_status":"closed","template":"","meta":{"footnotes":""},"class_list":["post-1507","page","type-page","status-publish"],"_links":{"self":[{"href":"https:\/\/easytopspot.com\/sk\/wp-json\/wp\/v2\/pages\/1507","targetHints":{"allow":["GET"]}}],"collection":[{"href":"https:\/\/easytopspot.com\/sk\/wp-json\/wp\/v2\/pages"}],"about":[{"href":"https:\/\/easytopspot.com\/sk\/wp-json\/wp\/v2\/types\/page"}],"author":[{"embeddable":true,"href":"https:\/\/easytopspot.com\/sk\/wp-json\/wp\/v2\/users\/3"}],"replies":[{"embeddable":true,"href":"https:\/\/easytopspot.com\/sk\/wp-json\/wp\/v2\/comments?post=1507"}],"version-history":[{"count":0,"href":"https:\/\/easytopspot.com\/sk\/wp-json\/wp\/v2\/pages\/1507\/revisions"}],"wp:attachment":[{"href":"https:\/\/easytopspot.com\/sk\/wp-json\/wp\/v2\/media?parent=1507"}],"curies":[{"name":"wp","href":"https:\/\/api.w.org\/{rel}","templated":true}]}}