{"id":45,"date":"2026-03-06T16:59:44","date_gmt":"2026-03-06T16:59:44","guid":{"rendered":"https:\/\/easytopspot.com\/home-sk\/"},"modified":"2026-03-07T23:47:17","modified_gmt":"2026-03-07T23:47:17","slug":"domov-sk","status":"publish","type":"page","link":"https:\/\/easytopspot.com\/sk\/domov-sk\/","title":{"rendered":"EasyTopSpot \u2014 Expertn\u00e9 Recenzie a Porovnania"},"content":{"rendered":"<div class=\"ets-hp\">\n<div class=\"ets-hp-hero\">\n<h1>Nez\u00e1visl\u00e9 recenzie, ktor\u00fdm m\u00f4\u017eete d\u00f4verova\u0165<\/h1>\n<p>Testujeme, porovn\u00e1vame a hodnot\u00edme produkty.<\/p>\n<\/div>\n<div class=\"ets-hp-section\">\n<h2>Prech\u00e1dza\u0165 pod\u013ea kateg\u00f3rie<\/h2>\n<div class=\"ets-hp-cats\"><a href=\"\/sk\/category\/tech\/\" class=\"ets-hp-cat\"><svg xmlns=\"http:\/\/www.w3.org\/2000\/svg\" width=\"28\" height=\"28\" viewBox=\"0 0 24 24\" fill=\"none\" stroke=\"#2563eb\" stroke-width=\"2\" stroke-linecap=\"round\" stroke-linejoin=\"round\"><rect x=\"2\" y=\"3\" width=\"20\" height=\"14\" rx=\"2\" ry=\"2\"\/><line x1=\"8\" y1=\"21\" x2=\"16\" y2=\"21\"\/><line x1=\"12\" y1=\"17\" x2=\"12\" y2=\"21\"\/><\/svg><span>Technol\u00f3gie<\/span><\/a><a href=\"\/sk\/category\/finance\/\" class=\"ets-hp-cat\"><svg xmlns=\"http:\/\/www.w3.org\/2000\/svg\" width=\"28\" height=\"28\" viewBox=\"0 0 24 24\" fill=\"none\" stroke=\"#2563eb\" stroke-width=\"2\" stroke-linecap=\"round\" stroke-linejoin=\"round\"><line x1=\"12\" y1=\"1\" x2=\"12\" y2=\"23\"\/><path d=\"M17 5H9.5a3.5 3.5 0 0 0 0 7h5a3.5 3.5 0 0 1 0 7H6\"\/><\/svg><span>Financie<\/span><\/a><a href=\"\/sk\/category\/marketing\/\" class=\"ets-hp-cat\"><svg xmlns=\"http:\/\/www.w3.org\/2000\/svg\" width=\"28\" height=\"28\" viewBox=\"0 0 24 24\" fill=\"none\" stroke=\"#2563eb\" stroke-width=\"2\" stroke-linecap=\"round\" stroke-linejoin=\"round\"><polyline points=\"22 12 18 12 15 21 9 3 6 12 2 12\"\/><\/svg><span>Marketing<\/span><\/a><a href=\"\/sk\/category\/health\/\" class=\"ets-hp-cat\"><svg xmlns=\"http:\/\/www.w3.org\/2000\/svg\" width=\"28\" height=\"28\" viewBox=\"0 0 24 24\" fill=\"none\" stroke=\"#2563eb\" stroke-width=\"2\" stroke-linecap=\"round\" stroke-linejoin=\"round\"><path d=\"M20.84 4.61a5.5 5.5 0 0 0-7.78 0L12 5.67l-1.06-1.06a5.5 5.5 0 0 0-7.78 7.78l1.06 1.06L12 21.23l7.78-7.78 1.06-1.06a5.5 5.5 0 0 0 0-7.78z\"\/><\/svg><span>Zdravie<\/span><\/a><a href=\"\/sk\/category\/vpn-security\/\" class=\"ets-hp-cat\"><svg xmlns=\"http:\/\/www.w3.org\/2000\/svg\" width=\"28\" height=\"28\" viewBox=\"0 0 24 24\" fill=\"none\" stroke=\"#2563eb\" stroke-width=\"2\" stroke-linecap=\"round\" stroke-linejoin=\"round\"><path d=\"M12 22s8-4 8-10V5l-8-3-8 3v7c0 6 8 10 8 10z\"\/><\/svg><span>VPN a Bezpe\u010dnos\u0165<\/span><\/a><\/div>\n<\/div>\n<div class=\"ets-hp-section\">\n<h2>Najnov\u0161ie \u010dl\u00e1nky<\/h2>\n<div class=\"ets-article-grid\"><a href=\"https:\/\/easytopspot.com\/sk\/hostinger-vs-siteground-porovnanie\/\" class=\"ets-article-card\"><div class=\"ets-card-img\"><img decoding=\"async\" src=\"https:\/\/easytopspot.com\/wp-content\/uploads\/2026\/03\/hero-hostinger-vs-siteground-300x168.jpg\" alt=\"Hostinger vs SiteGround 2026: Ktor\u00fd webhosting sa naozaj oplat\u00ed?\" loading=\"lazy\" width=\"400\" height=\"225\" \/><\/div><span class=\"ets-card-cat\">Tech<\/span><h3 class=\"ets-card-title\">Hostinger vs SiteGround 2026: Ktor\u00fd webhosting sa naozaj oplat\u00ed?<\/h3><p class=\"ets-card-excerpt\">Domov &rsaquo; Technol\u00f3gie &rsaquo; Hostinger vs SiteGround Hostinger vs SiteGround 2026: Ktor\u00fd webhosting sa naozaj oplat\u00ed? Oboch poskytovate\u013eov hostingu sme&hellip;<\/p><\/a><a href=\"https:\/\/easytopspot.com\/sk\/najlepsie-cloudove-ulozisko-2026\/\" class=\"ets-article-card\"><div class=\"ets-card-img\"><img decoding=\"async\" src=\"https:\/\/easytopspot.com\/wp-content\/uploads\/2026\/03\/hero-cloud-storage-300x169.jpg\" alt=\"Najlep\u0161ie cloudov\u00e9 \u00falo\u017eisko 2026: 7 slu\u017eieb otestovan\u00fdch na r\u00fdchlos\u0165, bezpe\u010dnos\u0165 a hodnotu\" loading=\"lazy\" width=\"400\" height=\"225\" \/><\/div><span class=\"ets-card-cat\">Tech<\/span><h3 class=\"ets-card-title\">Najlep\u0161ie cloudov\u00e9 \u00falo\u017eisko 2026: 7 slu\u017eieb otestovan\u00fdch na r\u00fdchlos\u0165, bezpe\u010dnos\u0165 a hodnotu<\/h3><p class=\"ets-card-excerpt\">Domov &rsaquo; Technol\u00f3gie &rsaquo; Cloudov\u00e9 \u00falo\u017eisko Najlep\u0161ie cloudov\u00e9 \u00falo\u017eisko 2026: 7 slu\u017eieb otestovan\u00fdch na r\u00fdchlos\u0165, bezpe\u010dnos\u0165 a hodnotu Nahrali sme&hellip;<\/p><\/a><a href=\"https:\/\/easytopspot.com\/sk\/ako-nastavit-vpn\/\" class=\"ets-article-card\"><div class=\"ets-card-img\"><img decoding=\"async\" src=\"https:\/\/easytopspot.com\/wp-content\/uploads\/2026\/03\/hero-vpn-v2-300x168.jpg\" alt=\"Ako nastavi\u0165 VPN na akomko\u013evek zariaden\u00ed v roku 2026: Sprievodca krok za krokom\" loading=\"lazy\" width=\"400\" height=\"225\" \/><\/div><span class=\"ets-card-cat\">VPN a Bezpecnost<\/span><h3 class=\"ets-card-title\">Ako nastavi\u0165 VPN na akomko\u013evek zariaden\u00ed v roku 2026: Sprievodca krok za krokom<\/h3><p class=\"ets-card-excerpt\">Domov &rsaquo; VPN a bezpe\u010dnos\u0165 &rsaquo; Ako nastavi\u0165 VPN Ako nastavi\u0165 VPN na akomko\u013evek zariaden\u00ed v roku 2026: Sprievodca krok&hellip;<\/p><\/a><a href=\"https:\/\/easytopspot.com\/sk\/nordvpn-vs-surfshark-porovnanie\/\" class=\"ets-article-card\"><div class=\"ets-card-img\"><img decoding=\"async\" src=\"https:\/\/easytopspot.com\/wp-content\/uploads\/2026\/03\/hero-nordvpn-vs-surfshark-300x169.jpg\" alt=\"NordVPN vs Surfshark 2026: Ktor\u00e1 VPN je naozaj lep\u0161ia?\" loading=\"lazy\" width=\"400\" height=\"225\" \/><\/div><span class=\"ets-card-cat\">VPN a Bezpecnost<\/span><h3 class=\"ets-card-title\">NordVPN vs Surfshark 2026: Ktor\u00e1 VPN je naozaj lep\u0161ia?<\/h3><p class=\"ets-card-excerpt\">Domov &rsaquo; VPN a Bezpe\u010dnos\u0165 &rsaquo; NordVPN vs Surfshark NordVPN vs Surfshark 2026: Ktor\u00e1 VPN je naozaj lep\u0161ia? Otestovali sme&hellip;<\/p><\/a><a href=\"https:\/\/easytopspot.com\/sk\/najlepsie-platformy-emailoveho-marketingu\/\" class=\"ets-article-card\"><div class=\"ets-card-img\"><img decoding=\"async\" src=\"https:\/\/easytopspot.com\/wp-content\/uploads\/2026\/03\/hero-email-marketing-v2-300x168.jpg\" alt=\"Najlep\u0161ie platformy e-mailov\u00e9ho marketingu 2026: 7 slu\u017eieb otestovan\u00fdch na funkcie, doru\u010dite\u013enos\u0165 a cenu\" loading=\"lazy\" width=\"400\" height=\"225\" \/><\/div><span class=\"ets-card-cat\">Marketing<\/span><h3 class=\"ets-card-title\">Najlep\u0161ie platformy e-mailov\u00e9ho marketingu 2026: 7 slu\u017eieb otestovan\u00fdch na funkcie, doru\u010dite\u013enos\u0165 a cenu<\/h3><p class=\"ets-card-excerpt\">Domov &rsaquo; E-mailov\u00fd marketing &rsaquo; Platformy Najlep\u0161ie platformy e-mailov\u00e9ho marketingu 2026: 7 slu\u017eieb otestovan\u00fdch na funkcie, doru\u010dite\u013enos\u0165 a cenu Otestovali&hellip;<\/p><\/a><a href=\"https:\/\/easytopspot.com\/sk\/najlepsie-sluzby-vpn\/\" class=\"ets-article-card\"><div class=\"ets-card-img\"><img decoding=\"async\" src=\"https:\/\/easytopspot.com\/wp-content\/uploads\/2026\/03\/hero-vpn-v2-300x168.jpg\" alt=\"Najlep\u0161ie slu\u017eby VPN 2026: 7 poskytovate\u013eov testovan\u00fdch na r\u00fdchlos\u0165, s\u00fakromie a streamovanie\" loading=\"lazy\" width=\"400\" height=\"225\" \/><\/div><span class=\"ets-card-cat\">VPN a Bezpecnost<\/span><h3 class=\"ets-card-title\">Najlep\u0161ie slu\u017eby VPN 2026: 7 poskytovate\u013eov testovan\u00fdch na r\u00fdchlos\u0165, s\u00fakromie a streamovanie<\/h3><p class=\"ets-card-excerpt\">Domov &rsaquo; VPN a bezpe\u010dnos\u0165 &rsaquo; Slu\u017eby VPN Najlep\u0161ie slu\u017eby VPN 2026: 7 poskytovate\u013eov testovan\u00fdch na r\u00fdchlos\u0165, s\u00fakromie a streamovanie&hellip;<\/p><\/a><\/div><\/div>\n<\/div>\n","protected":false},"excerpt":{"rendered":"<p>Nez\u00e1visl\u00e9 recenzie, ktor\u00fdm m\u00f4\u017eete d\u00f4verova\u0165 Testujeme, porovn\u00e1vame a hodnot\u00edme produkty. Prech\u00e1dza\u0165 pod\u013ea kateg\u00f3rie Technol\u00f3gieFinancieMarketingZdravieVPN a Bezpe\u010dnos\u0165 Najnov\u0161ie \u010dl\u00e1nky<\/p>\n","protected":false},"author":0,"featured_media":0,"parent":0,"menu_order":0,"comment_status":"closed","ping_status":"closed","template":"","meta":{"footnotes":""},"class_list":["post-45","page","type-page","status-publish","hentry"],"_links":{"self":[{"href":"https:\/\/easytopspot.com\/sk\/wp-json\/wp\/v2\/pages\/45","targetHints":{"allow":["GET"]}}],"collection":[{"href":"https:\/\/easytopspot.com\/sk\/wp-json\/wp\/v2\/pages"}],"about":[{"href":"https:\/\/easytopspot.com\/sk\/wp-json\/wp\/v2\/types\/page"}],"replies":[{"embeddable":true,"href":"https:\/\/easytopspot.com\/sk\/wp-json\/wp\/v2\/comments?post=45"}],"version-history":[{"count":5,"href":"https:\/\/easytopspot.com\/sk\/wp-json\/wp\/v2\/pages\/45\/revisions"}],"predecessor-version":[{"id":877,"href":"https:\/\/easytopspot.com\/sk\/wp-json\/wp\/v2\/pages\/45\/revisions\/877"}],"wp:attachment":[{"href":"https:\/\/easytopspot.com\/sk\/wp-json\/wp\/v2\/media?parent=45"}],"curies":[{"name":"wp","href":"https:\/\/api.w.org\/{rel}","templated":true}]}}