{"id":1436,"date":"2026-03-08T14:05:12","date_gmt":"2026-03-08T14:05:12","guid":{"rendered":"https:\/\/easytopspot.com\/o-nas-sl\/"},"modified":"2026-03-08T14:05:12","modified_gmt":"2026-03-08T14:05:12","slug":"o-nas-sl","status":"publish","type":"page","link":"https:\/\/easytopspot.com\/sl\/o-nas-sl\/","title":{"rendered":"O Nas"},"content":{"rendered":"<div class=\"fp\">\n<h1>O EasyTopSpot<\/h1>\n<p>EasyTopSpot je neodvisna spletna stran za ocene in primerjave izdelkov. Testiramo resni\u010dne izdelke v resni\u010dnih pogojih in objavljamo iskrene, nepristranske ocene.<\/p>\n<h2>Kako zaslu\u017eimo<\/h2>\n<p>Prejemamo affiliate provizije, ko kupite izdelke prek na\u0161ih povezav.<\/p>\n<h2>Kontakt<\/h2>\n<p>Vpra\u0161anja? Pi\u0161ite nam: <strong>contact@easytopspot.com<\/strong><\/p>\n<\/div>\n","protected":false},"excerpt":{"rendered":"<p>O EasyTopSpot EasyTopSpot je neodvisna spletna stran za ocene in primerjave izdelkov. Testiramo resni\u010dne izdelke v resni\u010dnih pogojih in objavljamo iskrene, nepristranske ocene. Kako zaslu\u017eimo Prejemamo affiliate provizije, ko kupite &#8230; <a title=\"O Nas\" class=\"read-more\" href=\"https:\/\/easytopspot.com\/sl\/o-nas-sl\/\" aria-label=\"Read more about O Nas\">Read More \u2192<\/a><\/p>\n","protected":false},"author":3,"featured_media":0,"parent":0,"menu_order":0,"comment_status":"closed","ping_status":"closed","template":"","meta":{"footnotes":""},"class_list":["post-1436","page","type-page","status-publish"],"_links":{"self":[{"href":"https:\/\/easytopspot.com\/sl\/wp-json\/wp\/v2\/pages\/1436","targetHints":{"allow":["GET"]}}],"collection":[{"href":"https:\/\/easytopspot.com\/sl\/wp-json\/wp\/v2\/pages"}],"about":[{"href":"https:\/\/easytopspot.com\/sl\/wp-json\/wp\/v2\/types\/page"}],"author":[{"embeddable":true,"href":"https:\/\/easytopspot.com\/sl\/wp-json\/wp\/v2\/users\/3"}],"replies":[{"embeddable":true,"href":"https:\/\/easytopspot.com\/sl\/wp-json\/wp\/v2\/comments?post=1436"}],"version-history":[{"count":0,"href":"https:\/\/easytopspot.com\/sl\/wp-json\/wp\/v2\/pages\/1436\/revisions"}],"wp:attachment":[{"href":"https:\/\/easytopspot.com\/sl\/wp-json\/wp\/v2\/media?parent=1436"}],"curies":[{"name":"wp","href":"https:\/\/api.w.org\/{rel}","templated":true}]}}