{"id":1460,"date":"2026-03-08T14:05:19","date_gmt":"2026-03-08T14:05:19","guid":{"rendered":"https:\/\/easytopspot.com\/politika-zasebnosti\/"},"modified":"2026-03-08T14:05:19","modified_gmt":"2026-03-08T14:05:19","slug":"politika-zasebnosti","status":"publish","type":"page","link":"https:\/\/easytopspot.com\/sl\/politika-zasebnosti\/","title":{"rendered":"Politika Zasebnosti"},"content":{"rendered":"<div class=\"fp\">\n<h1>Politika Zasebnosti<\/h1>\n<p><em>Zadnja posodobitev: Marec 2026<\/em><\/p>\n<p>Zbiramo anonimne podatke o uporabi prek pi\u0161kotkov in analiti\u010dnih orodij. Ne zbiramo osebnih podatkov, razen \u010de jih prostovoljno posredujete. Kontakt: contact@easytopspot.com.<\/p>\n<\/div>\n","protected":false},"excerpt":{"rendered":"<p>Politika Zasebnosti Zadnja posodobitev: Marec 2026 Zbiramo anonimne podatke o uporabi prek pi\u0161kotkov in analiti\u010dnih orodij. Ne zbiramo osebnih podatkov, razen \u010de jih prostovoljno posredujete. Kontakt: contact@easytopspot.com.<\/p>\n","protected":false},"author":3,"featured_media":0,"parent":0,"menu_order":0,"comment_status":"closed","ping_status":"closed","template":"","meta":{"footnotes":""},"class_list":["post-1460","page","type-page","status-publish"],"_links":{"self":[{"href":"https:\/\/easytopspot.com\/sl\/wp-json\/wp\/v2\/pages\/1460","targetHints":{"allow":["GET"]}}],"collection":[{"href":"https:\/\/easytopspot.com\/sl\/wp-json\/wp\/v2\/pages"}],"about":[{"href":"https:\/\/easytopspot.com\/sl\/wp-json\/wp\/v2\/types\/page"}],"author":[{"embeddable":true,"href":"https:\/\/easytopspot.com\/sl\/wp-json\/wp\/v2\/users\/3"}],"replies":[{"embeddable":true,"href":"https:\/\/easytopspot.com\/sl\/wp-json\/wp\/v2\/comments?post=1460"}],"version-history":[{"count":0,"href":"https:\/\/easytopspot.com\/sl\/wp-json\/wp\/v2\/pages\/1460\/revisions"}],"wp:attachment":[{"href":"https:\/\/easytopspot.com\/sl\/wp-json\/wp\/v2\/media?parent=1460"}],"curies":[{"name":"wp","href":"https:\/\/api.w.org\/{rel}","templated":true}]}}