{"id":1484,"date":"2026-03-08T14:05:26","date_gmt":"2026-03-08T14:05:26","guid":{"rendered":"https:\/\/easytopspot.com\/kontakt-sl\/"},"modified":"2026-03-08T14:05:26","modified_gmt":"2026-03-08T14:05:26","slug":"kontakt-sl","status":"publish","type":"page","link":"https:\/\/easytopspot.com\/sl\/kontakt-sl\/","title":{"rendered":"Kontakt"},"content":{"rendered":"<div class=\"fp\">\n<h1>Kontakt<\/h1>\n<p>Imate vpra\u0161anje o oceni, predlog izdelka ali poslovno povpra\u0161evanje? Z veseljem vas sli\u0161imo.<\/p>\n<p><strong>Email:<\/strong> contact@easytopspot.com<\/p>\n<\/div>\n","protected":false},"excerpt":{"rendered":"<p>Kontakt Imate vpra\u0161anje o oceni, predlog izdelka ali poslovno povpra\u0161evanje? Z veseljem vas sli\u0161imo. Email: contact@easytopspot.com<\/p>\n","protected":false},"author":3,"featured_media":0,"parent":0,"menu_order":0,"comment_status":"closed","ping_status":"closed","template":"","meta":{"footnotes":""},"class_list":["post-1484","page","type-page","status-publish"],"_links":{"self":[{"href":"https:\/\/easytopspot.com\/sl\/wp-json\/wp\/v2\/pages\/1484","targetHints":{"allow":["GET"]}}],"collection":[{"href":"https:\/\/easytopspot.com\/sl\/wp-json\/wp\/v2\/pages"}],"about":[{"href":"https:\/\/easytopspot.com\/sl\/wp-json\/wp\/v2\/types\/page"}],"author":[{"embeddable":true,"href":"https:\/\/easytopspot.com\/sl\/wp-json\/wp\/v2\/users\/3"}],"replies":[{"embeddable":true,"href":"https:\/\/easytopspot.com\/sl\/wp-json\/wp\/v2\/comments?post=1484"}],"version-history":[{"count":0,"href":"https:\/\/easytopspot.com\/sl\/wp-json\/wp\/v2\/pages\/1484\/revisions"}],"wp:attachment":[{"href":"https:\/\/easytopspot.com\/sl\/wp-json\/wp\/v2\/media?parent=1484"}],"curies":[{"name":"wp","href":"https:\/\/api.w.org\/{rel}","templated":true}]}}