{"id":46,"date":"2026-03-06T16:59:44","date_gmt":"2026-03-06T16:59:44","guid":{"rendered":"https:\/\/easytopspot.com\/home-sl\/"},"modified":"2026-03-07T23:47:18","modified_gmt":"2026-03-07T23:47:18","slug":"domov-sl","status":"publish","type":"page","link":"https:\/\/easytopspot.com\/sl\/domov-sl\/","title":{"rendered":"EasyTopSpot \u2014 Strokovne Ocene in Primerjave"},"content":{"rendered":"<div class=\"ets-hp\">\n<div class=\"ets-hp-hero\">\n<h1>Neodvisne ocene, ki jim lahko zaupate<\/h1>\n<p>Testiramo, primerjamo in razvr\u0161\u010damo izdelke.<\/p>\n<\/div>\n<div class=\"ets-hp-section\">\n<h2>Razi\u0161\u010dite po kategoriji<\/h2>\n<div class=\"ets-hp-cats\"><a href=\"\/sl\/category\/tech\/\" class=\"ets-hp-cat\"><svg xmlns=\"http:\/\/www.w3.org\/2000\/svg\" width=\"28\" height=\"28\" viewBox=\"0 0 24 24\" fill=\"none\" stroke=\"#2563eb\" stroke-width=\"2\" stroke-linecap=\"round\" stroke-linejoin=\"round\"><rect x=\"2\" y=\"3\" width=\"20\" height=\"14\" rx=\"2\" ry=\"2\"\/><line x1=\"8\" y1=\"21\" x2=\"16\" y2=\"21\"\/><line x1=\"12\" y1=\"17\" x2=\"12\" y2=\"21\"\/><\/svg><span>Tehnologija<\/span><\/a><a href=\"\/sl\/category\/finance\/\" class=\"ets-hp-cat\"><svg xmlns=\"http:\/\/www.w3.org\/2000\/svg\" width=\"28\" height=\"28\" viewBox=\"0 0 24 24\" fill=\"none\" stroke=\"#2563eb\" stroke-width=\"2\" stroke-linecap=\"round\" stroke-linejoin=\"round\"><line x1=\"12\" y1=\"1\" x2=\"12\" y2=\"23\"\/><path d=\"M17 5H9.5a3.5 3.5 0 0 0 0 7h5a3.5 3.5 0 0 1 0 7H6\"\/><\/svg><span>Finance<\/span><\/a><a href=\"\/sl\/category\/marketing\/\" class=\"ets-hp-cat\"><svg xmlns=\"http:\/\/www.w3.org\/2000\/svg\" width=\"28\" height=\"28\" viewBox=\"0 0 24 24\" fill=\"none\" stroke=\"#2563eb\" stroke-width=\"2\" stroke-linecap=\"round\" stroke-linejoin=\"round\"><polyline points=\"22 12 18 12 15 21 9 3 6 12 2 12\"\/><\/svg><span>Marketing<\/span><\/a><a href=\"\/sl\/category\/health\/\" class=\"ets-hp-cat\"><svg xmlns=\"http:\/\/www.w3.org\/2000\/svg\" width=\"28\" height=\"28\" viewBox=\"0 0 24 24\" fill=\"none\" stroke=\"#2563eb\" stroke-width=\"2\" stroke-linecap=\"round\" stroke-linejoin=\"round\"><path d=\"M20.84 4.61a5.5 5.5 0 0 0-7.78 0L12 5.67l-1.06-1.06a5.5 5.5 0 0 0-7.78 7.78l1.06 1.06L12 21.23l7.78-7.78 1.06-1.06a5.5 5.5 0 0 0 0-7.78z\"\/><\/svg><span>Zdravje<\/span><\/a><a href=\"\/sl\/category\/vpn-security\/\" class=\"ets-hp-cat\"><svg xmlns=\"http:\/\/www.w3.org\/2000\/svg\" width=\"28\" height=\"28\" viewBox=\"0 0 24 24\" fill=\"none\" stroke=\"#2563eb\" stroke-width=\"2\" stroke-linecap=\"round\" stroke-linejoin=\"round\"><path d=\"M12 22s8-4 8-10V5l-8-3-8 3v7c0 6 8 10 8 10z\"\/><\/svg><span>VPN in Varnost<\/span><\/a><\/div>\n<\/div>\n<div class=\"ets-hp-section\">\n<h2>Najnovej\u0161i \u010dlanki<\/h2>\n<div class=\"ets-article-grid\"><a href=\"https:\/\/easytopspot.com\/sl\/hostinger-vs-siteground-primerjava\/\" class=\"ets-article-card\"><div class=\"ets-card-img\"><img decoding=\"async\" src=\"https:\/\/easytopspot.com\/wp-content\/uploads\/2026\/03\/hero-hostinger-vs-siteground-300x168.jpg\" alt=\"Hostinger vs SiteGround 2026: Kateri spletni gostitelj je res vreden va\u0161ega denarja?\" loading=\"lazy\" width=\"400\" height=\"225\" \/><\/div><span class=\"ets-card-cat\">Tech<\/span><h3 class=\"ets-card-title\">Hostinger vs SiteGround 2026: Kateri spletni gostitelj je res vreden va\u0161ega denarja?<\/h3><p class=\"ets-card-excerpt\">Domov &rsaquo; Tehnologija &rsaquo; Hostinger vs SiteGround Hostinger vs SiteGround 2026: Kateri spletni gostitelj je res vreden va\u0161ega denarja? Oba&hellip;<\/p><\/a><a href=\"https:\/\/easytopspot.com\/sl\/najboljse-oblacno-shranjevanje-2026\/\" class=\"ets-article-card\"><div class=\"ets-card-img\"><img decoding=\"async\" src=\"https:\/\/easytopspot.com\/wp-content\/uploads\/2026\/03\/hero-cloud-storage-300x169.jpg\" alt=\"Najbolj\u0161e obla\u010dno shranjevanje 2026: 7 storitev, preizku\u0161enih glede hitrosti, varnosti in vrednosti\" loading=\"lazy\" width=\"400\" height=\"225\" \/><\/div><span class=\"ets-card-cat\">Tech<\/span><h3 class=\"ets-card-title\">Najbolj\u0161e obla\u010dno shranjevanje 2026: 7 storitev, preizku\u0161enih glede hitrosti, varnosti in vrednosti<\/h3><p class=\"ets-card-excerpt\">Domov &rsaquo; Tehnologija &rsaquo; Obla\u010dno shranjevanje Najbolj\u0161e obla\u010dno shranjevanje 2026: 7 storitev, preizku\u0161enih glede hitrosti, varnosti in vrednosti Na 7&hellip;<\/p><\/a><a href=\"https:\/\/easytopspot.com\/sl\/kako-nastaviti-vpn\/\" class=\"ets-article-card\"><div class=\"ets-card-img\"><img decoding=\"async\" src=\"https:\/\/easytopspot.com\/wp-content\/uploads\/2026\/03\/hero-vpn-v2-300x168.jpg\" alt=\"Kako nastaviti VPN na kateri koli napravi v letu 2026: Vodnik po korakih\" loading=\"lazy\" width=\"400\" height=\"225\" \/><\/div><span class=\"ets-card-cat\">VPN in Varnost<\/span><h3 class=\"ets-card-title\">Kako nastaviti VPN na kateri koli napravi v letu 2026: Vodnik po korakih<\/h3><p class=\"ets-card-excerpt\">Domov &rsaquo; VPN in varnost &rsaquo; Kako nastaviti VPN Kako nastaviti VPN na kateri koli napravi v letu 2026: Vodnik&hellip;<\/p><\/a><a href=\"https:\/\/easytopspot.com\/sl\/nordvpn-vs-surfshark-primerjava\/\" class=\"ets-article-card\"><div class=\"ets-card-img\"><img decoding=\"async\" src=\"https:\/\/easytopspot.com\/wp-content\/uploads\/2026\/03\/hero-nordvpn-vs-surfshark-300x169.jpg\" alt=\"NordVPN vs Surfshark 2026: Kateri VPN je res bolj\u0161i?\" loading=\"lazy\" width=\"400\" height=\"225\" \/><\/div><span class=\"ets-card-cat\">VPN in Varnost<\/span><h3 class=\"ets-card-title\">NordVPN vs Surfshark 2026: Kateri VPN je res bolj\u0161i?<\/h3><p class=\"ets-card-excerpt\">Domov &rsaquo; VPN in varnost &rsaquo; NordVPN vs Surfshark NordVPN vs Surfshark 2026: Kateri VPN je res bolj\u0161i? Oba VPN-ja&hellip;<\/p><\/a><a href=\"https:\/\/easytopspot.com\/sl\/najboljse-platforme-za-email-marketing\/\" class=\"ets-article-card\"><div class=\"ets-card-img\"><img decoding=\"async\" src=\"https:\/\/easytopspot.com\/wp-content\/uploads\/2026\/03\/hero-email-marketing-v2-300x168.jpg\" alt=\"Najbolj\u0161e platforme za e-po\u0161tni marketing 2026: 7 storitev preizku\u0161enih po funkcionalnosti, dostavljivosti in vrednosti\" loading=\"lazy\" width=\"400\" height=\"225\" \/><\/div><span class=\"ets-card-cat\">Marketing<\/span><h3 class=\"ets-card-title\">Najbolj\u0161e platforme za e-po\u0161tni marketing 2026: 7 storitev preizku\u0161enih po funkcionalnosti, dostavljivosti in vrednosti<\/h3><p class=\"ets-card-excerpt\">Domov &rsaquo; E-po\u0161tni marketing &rsaquo; Platforme Najbolj\u0161e platforme za e-po\u0161tni marketing 2026: 7 storitev preizku\u0161enih po funkcionalnosti, dostavljivosti in vrednosti&hellip;<\/p><\/a><a href=\"https:\/\/easytopspot.com\/sl\/najboljse-vpn-storitve\/\" class=\"ets-article-card\"><div class=\"ets-card-img\"><img decoding=\"async\" src=\"https:\/\/easytopspot.com\/wp-content\/uploads\/2026\/03\/hero-vpn-v2-300x168.jpg\" alt=\"Najbolj\u0161e VPN Storitve 2026: 7 Ponudnikov Testiranih za Hitrost, Zasebnost in Preto\u010dne Storitve\" loading=\"lazy\" width=\"400\" height=\"225\" \/><\/div><span class=\"ets-card-cat\">VPN in Varnost<\/span><h3 class=\"ets-card-title\">Najbolj\u0161e VPN Storitve 2026: 7 Ponudnikov Testiranih za Hitrost, Zasebnost in Preto\u010dne Storitve<\/h3><p class=\"ets-card-excerpt\">Domov &rsaquo; VPN in varnost &rsaquo; VPN Storitve Najbolj\u0161e VPN Storitve 2026: 7 Ponudnikov Testiranih za Hitrost, Zasebnost in Preto\u010dne&hellip;<\/p><\/a><\/div><\/div>\n<\/div>\n","protected":false},"excerpt":{"rendered":"<p>Neodvisne ocene, ki jim lahko zaupate Testiramo, primerjamo in razvr\u0161\u010damo izdelke. Razi\u0161\u010dite po kategoriji TehnologijaFinanceMarketingZdravjeVPN in Varnost Najnovej\u0161i \u010dlanki<\/p>\n","protected":false},"author":0,"featured_media":0,"parent":0,"menu_order":0,"comment_status":"closed","ping_status":"closed","template":"","meta":{"footnotes":""},"class_list":["post-46","page","type-page","status-publish","hentry"],"_links":{"self":[{"href":"https:\/\/easytopspot.com\/sl\/wp-json\/wp\/v2\/pages\/46","targetHints":{"allow":["GET"]}}],"collection":[{"href":"https:\/\/easytopspot.com\/sl\/wp-json\/wp\/v2\/pages"}],"about":[{"href":"https:\/\/easytopspot.com\/sl\/wp-json\/wp\/v2\/types\/page"}],"replies":[{"embeddable":true,"href":"https:\/\/easytopspot.com\/sl\/wp-json\/wp\/v2\/comments?post=46"}],"version-history":[{"count":5,"href":"https:\/\/easytopspot.com\/sl\/wp-json\/wp\/v2\/pages\/46\/revisions"}],"predecessor-version":[{"id":878,"href":"https:\/\/easytopspot.com\/sl\/wp-json\/wp\/v2\/pages\/46\/revisions\/878"}],"wp:attachment":[{"href":"https:\/\/easytopspot.com\/sl\/wp-json\/wp\/v2\/media?parent=46"}],"curies":[{"name":"wp","href":"https:\/\/api.w.org\/{rel}","templated":true}]}}