{"id":1423,"date":"2026-03-08T14:05:08","date_gmt":"2026-03-08T14:05:08","guid":{"rendered":"https:\/\/easytopspot.com\/om-oss\/"},"modified":"2026-03-08T14:05:08","modified_gmt":"2026-03-08T14:05:08","slug":"om-oss","status":"publish","type":"page","link":"https:\/\/easytopspot.com\/sv\/om-oss\/","title":{"rendered":"Om Oss"},"content":{"rendered":"<div class=\"fp\">\n<h1>Om EasyTopSpot<\/h1>\n<p>EasyTopSpot \u00e4r en oberoende webbplats f\u00f6r produktrecensioner och j\u00e4mf\u00f6relser. Vi testar riktiga produkter under verkliga f\u00f6rh\u00e5llanden och publicerar \u00e4rliga, opartiska omd\u00f6men.<\/p>\n<h2>Hur vi tj\u00e4nar pengar<\/h2>\n<p>Vi f\u00e5r affiliate-provisioner n\u00e4r du k\u00f6per produkter via v\u00e5ra l\u00e4nkar. Detta p\u00e5verkar aldrig v\u00e5ra omd\u00f6men.<\/p>\n<h2>Kontakt<\/h2>\n<p>Fr\u00e5gor? Maila oss p\u00e5 <strong>contact@easytopspot.com<\/strong><\/p>\n<\/div>\n","protected":false},"excerpt":{"rendered":"<p>Om EasyTopSpot EasyTopSpot \u00e4r en oberoende webbplats f\u00f6r produktrecensioner och j\u00e4mf\u00f6relser. Vi testar riktiga produkter under verkliga f\u00f6rh\u00e5llanden och publicerar \u00e4rliga, opartiska omd\u00f6men. Hur vi tj\u00e4nar pengar Vi f\u00e5r affiliate-provisioner &#8230; <a title=\"Om Oss\" class=\"read-more\" href=\"https:\/\/easytopspot.com\/sv\/om-oss\/\" aria-label=\"Read more about Om Oss\">Read More \u2192<\/a><\/p>\n","protected":false},"author":3,"featured_media":0,"parent":0,"menu_order":0,"comment_status":"closed","ping_status":"closed","template":"","meta":{"footnotes":""},"class_list":["post-1423","page","type-page","status-publish"],"_links":{"self":[{"href":"https:\/\/easytopspot.com\/sv\/wp-json\/wp\/v2\/pages\/1423","targetHints":{"allow":["GET"]}}],"collection":[{"href":"https:\/\/easytopspot.com\/sv\/wp-json\/wp\/v2\/pages"}],"about":[{"href":"https:\/\/easytopspot.com\/sv\/wp-json\/wp\/v2\/types\/page"}],"author":[{"embeddable":true,"href":"https:\/\/easytopspot.com\/sv\/wp-json\/wp\/v2\/users\/3"}],"replies":[{"embeddable":true,"href":"https:\/\/easytopspot.com\/sv\/wp-json\/wp\/v2\/comments?post=1423"}],"version-history":[{"count":0,"href":"https:\/\/easytopspot.com\/sv\/wp-json\/wp\/v2\/pages\/1423\/revisions"}],"wp:attachment":[{"href":"https:\/\/easytopspot.com\/sv\/wp-json\/wp\/v2\/media?parent=1423"}],"curies":[{"name":"wp","href":"https:\/\/api.w.org\/{rel}","templated":true}]}}