{"id":1447,"date":"2026-03-08T14:05:15","date_gmt":"2026-03-08T14:05:15","guid":{"rendered":"https:\/\/easytopspot.com\/integritetspolicy\/"},"modified":"2026-03-08T14:05:15","modified_gmt":"2026-03-08T14:05:15","slug":"integritetspolicy","status":"publish","type":"page","link":"https:\/\/easytopspot.com\/sv\/integritetspolicy\/","title":{"rendered":"Integritetspolicy"},"content":{"rendered":"<div class=\"fp\">\n<h1>Integritetspolicy<\/h1>\n<p><em>Senast uppdaterad: Mars 2026<\/em><\/p>\n<p>Vi samlar in anonym anv\u00e4ndningsdata via cookies och analysverktyg. Vi samlar inte in personlig information om du inte frivilligt tillhandah\u00e5ller den. Du kan beg\u00e4ra \u00e5tkomst, r\u00e4ttelse eller radering av dina personuppgifter. Kontakt: contact@easytopspot.com.<\/p>\n<\/div>\n","protected":false},"excerpt":{"rendered":"<p>Integritetspolicy Senast uppdaterad: Mars 2026 Vi samlar in anonym anv\u00e4ndningsdata via cookies och analysverktyg. Vi samlar inte in personlig information om du inte frivilligt tillhandah\u00e5ller den. Du kan beg\u00e4ra \u00e5tkomst, &#8230; <a title=\"Integritetspolicy\" class=\"read-more\" href=\"https:\/\/easytopspot.com\/sv\/integritetspolicy\/\" aria-label=\"Read more about Integritetspolicy\">Read More \u2192<\/a><\/p>\n","protected":false},"author":3,"featured_media":0,"parent":0,"menu_order":0,"comment_status":"closed","ping_status":"closed","template":"","meta":{"footnotes":""},"class_list":["post-1447","page","type-page","status-publish"],"_links":{"self":[{"href":"https:\/\/easytopspot.com\/sv\/wp-json\/wp\/v2\/pages\/1447","targetHints":{"allow":["GET"]}}],"collection":[{"href":"https:\/\/easytopspot.com\/sv\/wp-json\/wp\/v2\/pages"}],"about":[{"href":"https:\/\/easytopspot.com\/sv\/wp-json\/wp\/v2\/types\/page"}],"author":[{"embeddable":true,"href":"https:\/\/easytopspot.com\/sv\/wp-json\/wp\/v2\/users\/3"}],"replies":[{"embeddable":true,"href":"https:\/\/easytopspot.com\/sv\/wp-json\/wp\/v2\/comments?post=1447"}],"version-history":[{"count":0,"href":"https:\/\/easytopspot.com\/sv\/wp-json\/wp\/v2\/pages\/1447\/revisions"}],"wp:attachment":[{"href":"https:\/\/easytopspot.com\/sv\/wp-json\/wp\/v2\/media?parent=1447"}],"curies":[{"name":"wp","href":"https:\/\/api.w.org\/{rel}","templated":true}]}}