{"id":1471,"date":"2026-03-08T14:05:22","date_gmt":"2026-03-08T14:05:22","guid":{"rendered":"https:\/\/easytopspot.com\/kontakt-sv\/"},"modified":"2026-03-08T14:05:22","modified_gmt":"2026-03-08T14:05:22","slug":"kontakt-sv","status":"publish","type":"page","link":"https:\/\/easytopspot.com\/sv\/kontakt-sv\/","title":{"rendered":"Kontakt"},"content":{"rendered":"<div class=\"fp\">\n<h1>Kontakt<\/h1>\n<p>Har du en fr\u00e5ga om en recension, produktf\u00f6rslag eller aff\u00e4rsf\u00f6rfr\u00e5gan? Vi vill g\u00e4rna h\u00f6ra fr\u00e5n dig.<\/p>\n<p><strong>E-post:<\/strong> contact@easytopspot.com<\/p>\n<p><strong>Svarstid:<\/strong> Vi svarar vanligtvis inom 48 timmar.<\/p>\n<\/div>\n","protected":false},"excerpt":{"rendered":"<p>Kontakt Har du en fr\u00e5ga om en recension, produktf\u00f6rslag eller aff\u00e4rsf\u00f6rfr\u00e5gan? Vi vill g\u00e4rna h\u00f6ra fr\u00e5n dig. E-post: contact@easytopspot.com Svarstid: Vi svarar vanligtvis inom 48 timmar.<\/p>\n","protected":false},"author":3,"featured_media":0,"parent":0,"menu_order":0,"comment_status":"closed","ping_status":"closed","template":"","meta":{"footnotes":""},"class_list":["post-1471","page","type-page","status-publish"],"_links":{"self":[{"href":"https:\/\/easytopspot.com\/sv\/wp-json\/wp\/v2\/pages\/1471","targetHints":{"allow":["GET"]}}],"collection":[{"href":"https:\/\/easytopspot.com\/sv\/wp-json\/wp\/v2\/pages"}],"about":[{"href":"https:\/\/easytopspot.com\/sv\/wp-json\/wp\/v2\/types\/page"}],"author":[{"embeddable":true,"href":"https:\/\/easytopspot.com\/sv\/wp-json\/wp\/v2\/users\/3"}],"replies":[{"embeddable":true,"href":"https:\/\/easytopspot.com\/sv\/wp-json\/wp\/v2\/comments?post=1471"}],"version-history":[{"count":0,"href":"https:\/\/easytopspot.com\/sv\/wp-json\/wp\/v2\/pages\/1471\/revisions"}],"wp:attachment":[{"href":"https:\/\/easytopspot.com\/sv\/wp-json\/wp\/v2\/media?parent=1471"}],"curies":[{"name":"wp","href":"https:\/\/api.w.org\/{rel}","templated":true}]}}