{"id":1495,"date":"2026-03-08T14:05:29","date_gmt":"2026-03-08T14:05:29","guid":{"rendered":"https:\/\/easytopspot.com\/anvandarvillkor\/"},"modified":"2026-03-08T14:05:29","modified_gmt":"2026-03-08T14:05:29","slug":"anvandarvillkor","status":"publish","type":"page","link":"https:\/\/easytopspot.com\/sv\/anvandarvillkor\/","title":{"rendered":"Anv\u00e4ndarvillkor"},"content":{"rendered":"<div class=\"fp\">\n<h1>Anv\u00e4ndarvillkor<\/h1>\n<p><em>Senast uppdaterad: Mars 2026<\/em><\/p>\n<p>Inneh\u00e5llet p\u00e5 EasyTopSpot \u00e4r enbart informativt. Vi deltar i affiliateprogram. Allt inneh\u00e5ll och design tillh\u00f6r EasyTopSpot.<\/p>\n<\/div>\n","protected":false},"excerpt":{"rendered":"<p>Anv\u00e4ndarvillkor Senast uppdaterad: Mars 2026 Inneh\u00e5llet p\u00e5 EasyTopSpot \u00e4r enbart informativt. Vi deltar i affiliateprogram. Allt inneh\u00e5ll och design tillh\u00f6r EasyTopSpot.<\/p>\n","protected":false},"author":3,"featured_media":0,"parent":0,"menu_order":0,"comment_status":"closed","ping_status":"closed","template":"","meta":{"footnotes":""},"class_list":["post-1495","page","type-page","status-publish"],"_links":{"self":[{"href":"https:\/\/easytopspot.com\/sv\/wp-json\/wp\/v2\/pages\/1495","targetHints":{"allow":["GET"]}}],"collection":[{"href":"https:\/\/easytopspot.com\/sv\/wp-json\/wp\/v2\/pages"}],"about":[{"href":"https:\/\/easytopspot.com\/sv\/wp-json\/wp\/v2\/types\/page"}],"author":[{"embeddable":true,"href":"https:\/\/easytopspot.com\/sv\/wp-json\/wp\/v2\/users\/3"}],"replies":[{"embeddable":true,"href":"https:\/\/easytopspot.com\/sv\/wp-json\/wp\/v2\/comments?post=1495"}],"version-history":[{"count":0,"href":"https:\/\/easytopspot.com\/sv\/wp-json\/wp\/v2\/pages\/1495\/revisions"}],"wp:attachment":[{"href":"https:\/\/easytopspot.com\/sv\/wp-json\/wp\/v2\/media?parent=1495"}],"curies":[{"name":"wp","href":"https:\/\/api.w.org\/{rel}","templated":true}]}}