{"id":33,"date":"2026-03-06T16:59:44","date_gmt":"2026-03-06T16:59:44","guid":{"rendered":"https:\/\/easytopspot.com\/home-sv\/"},"modified":"2026-03-07T23:47:08","modified_gmt":"2026-03-07T23:47:08","slug":"hem","status":"publish","type":"page","link":"https:\/\/easytopspot.com\/sv\/hem\/","title":{"rendered":"EasyTopSpot \u2014 Expertrecensioner och J\u00e4mf\u00f6relser"},"content":{"rendered":"<div class=\"ets-hp\">\n<div class=\"ets-hp-hero\">\n<h1>Oberoende recensioner du kan lita p\u00e5<\/h1>\n<p>Vi testar, j\u00e4mf\u00f6r och rangordnar produkter f\u00f6r smartare val.<\/p>\n<\/div>\n<div class=\"ets-hp-section\">\n<h2>Utforska per kategori<\/h2>\n<div class=\"ets-hp-cats\"><a href=\"\/sv\/category\/tech\/\" class=\"ets-hp-cat\"><svg xmlns=\"http:\/\/www.w3.org\/2000\/svg\" width=\"28\" height=\"28\" viewBox=\"0 0 24 24\" fill=\"none\" stroke=\"#2563eb\" stroke-width=\"2\" stroke-linecap=\"round\" stroke-linejoin=\"round\"><rect x=\"2\" y=\"3\" width=\"20\" height=\"14\" rx=\"2\" ry=\"2\"\/><line x1=\"8\" y1=\"21\" x2=\"16\" y2=\"21\"\/><line x1=\"12\" y1=\"17\" x2=\"12\" y2=\"21\"\/><\/svg><span>Tech<\/span><\/a><a href=\"\/sv\/category\/finance\/\" class=\"ets-hp-cat\"><svg xmlns=\"http:\/\/www.w3.org\/2000\/svg\" width=\"28\" height=\"28\" viewBox=\"0 0 24 24\" fill=\"none\" stroke=\"#2563eb\" stroke-width=\"2\" stroke-linecap=\"round\" stroke-linejoin=\"round\"><line x1=\"12\" y1=\"1\" x2=\"12\" y2=\"23\"\/><path d=\"M17 5H9.5a3.5 3.5 0 0 0 0 7h5a3.5 3.5 0 0 1 0 7H6\"\/><\/svg><span>Ekonomi<\/span><\/a><a href=\"\/sv\/category\/marketing\/\" class=\"ets-hp-cat\"><svg xmlns=\"http:\/\/www.w3.org\/2000\/svg\" width=\"28\" height=\"28\" viewBox=\"0 0 24 24\" fill=\"none\" stroke=\"#2563eb\" stroke-width=\"2\" stroke-linecap=\"round\" stroke-linejoin=\"round\"><polyline points=\"22 12 18 12 15 21 9 3 6 12 2 12\"\/><\/svg><span>Marknadsf\u00f6ring<\/span><\/a><a href=\"\/sv\/category\/health\/\" class=\"ets-hp-cat\"><svg xmlns=\"http:\/\/www.w3.org\/2000\/svg\" width=\"28\" height=\"28\" viewBox=\"0 0 24 24\" fill=\"none\" stroke=\"#2563eb\" stroke-width=\"2\" stroke-linecap=\"round\" stroke-linejoin=\"round\"><path d=\"M20.84 4.61a5.5 5.5 0 0 0-7.78 0L12 5.67l-1.06-1.06a5.5 5.5 0 0 0-7.78 7.78l1.06 1.06L12 21.23l7.78-7.78 1.06-1.06a5.5 5.5 0 0 0 0-7.78z\"\/><\/svg><span>H\u00e4lsa<\/span><\/a><a href=\"\/sv\/category\/vpn-security\/\" class=\"ets-hp-cat\"><svg xmlns=\"http:\/\/www.w3.org\/2000\/svg\" width=\"28\" height=\"28\" viewBox=\"0 0 24 24\" fill=\"none\" stroke=\"#2563eb\" stroke-width=\"2\" stroke-linecap=\"round\" stroke-linejoin=\"round\"><path d=\"M12 22s8-4 8-10V5l-8-3-8 3v7c0 6 8 10 8 10z\"\/><\/svg><span>VPN och S\u00e4kerhet<\/span><\/a><\/div>\n<\/div>\n<div class=\"ets-hp-section\">\n<h2>Senaste artiklarna<\/h2>\n<div class=\"ets-article-grid\"><a href=\"https:\/\/easytopspot.com\/sv\/hostinger-vs-siteground-jamforelse\/\" class=\"ets-article-card\"><div class=\"ets-card-img\"><img decoding=\"async\" src=\"https:\/\/easytopspot.com\/wp-content\/uploads\/2026\/03\/hero-hostinger-vs-siteground-300x168.jpg\" alt=\"Hostinger vs SiteGround 2026: Vilket Webbhotell \u00c4r Verkligen V\u00e4rt Pengarna?\" loading=\"lazy\" width=\"400\" height=\"225\" \/><\/div><span class=\"ets-card-cat\">Tech<\/span><h3 class=\"ets-card-title\">Hostinger vs SiteGround 2026: Vilket Webbhotell \u00c4r Verkligen V\u00e4rt Pengarna?<\/h3><p class=\"ets-card-excerpt\">Hem &rsaquo; Teknik &rsaquo; Hostinger vs SiteGround Hostinger vs SiteGround 2026: Vilket Webbhotell \u00c4r Verkligen V\u00e4rt Pengarna? Vi testade b\u00e5da&hellip;<\/p><\/a><a href=\"https:\/\/easytopspot.com\/sv\/basta-molnlagring-2026\/\" class=\"ets-article-card\"><div class=\"ets-card-img\"><img decoding=\"async\" src=\"https:\/\/easytopspot.com\/wp-content\/uploads\/2026\/03\/hero-cloud-storage-300x169.jpg\" alt=\"B\u00e4sta molnlagring 2026: 7 tj\u00e4nster testade f\u00f6r hastighet, s\u00e4kerhet och v\u00e4rde\" loading=\"lazy\" width=\"400\" height=\"225\" \/><\/div><span class=\"ets-card-cat\">Tech<\/span><h3 class=\"ets-card-title\">B\u00e4sta molnlagring 2026: 7 tj\u00e4nster testade f\u00f6r hastighet, s\u00e4kerhet och v\u00e4rde<\/h3><p class=\"ets-card-excerpt\">Hem &rsaquo; Teknik &rsaquo; Molnlagring B\u00e4sta molnlagring 2026: 7 tj\u00e4nster testade f\u00f6r hastighet, s\u00e4kerhet och v\u00e4rde Vi laddade upp \u00f6ver&hellip;<\/p><\/a><a href=\"https:\/\/easytopspot.com\/sv\/konfigurera-vpn\/\" class=\"ets-article-card\"><div class=\"ets-card-img\"><img decoding=\"async\" src=\"https:\/\/easytopspot.com\/wp-content\/uploads\/2026\/03\/hero-vpn-v2-300x168.jpg\" alt=\"Konfigurera VPN p\u00e5 alla enheter 2026: steg-f\u00f6r-steg-guide\" loading=\"lazy\" width=\"400\" height=\"225\" \/><\/div><span class=\"ets-card-cat\">VPN &amp; Sakerhet<\/span><h3 class=\"ets-card-title\">Konfigurera VPN p\u00e5 alla enheter 2026: steg-f\u00f6r-steg-guide<\/h3><p class=\"ets-card-excerpt\">Hem &rsaquo; VPN &amp; S\u00e4kerhet &rsaquo; Konfigurera VPN Konfigurera VPN p\u00e5 alla enheter 2026: steg-f\u00f6r-steg-guide Windows, Mac, iPhone, Android, routrar&hellip;<\/p><\/a><a href=\"https:\/\/easytopspot.com\/sv\/nordvpn-vs-surfshark-jamforelse\/\" class=\"ets-article-card\"><div class=\"ets-card-img\"><img decoding=\"async\" src=\"https:\/\/easytopspot.com\/wp-content\/uploads\/2026\/03\/hero-nordvpn-vs-surfshark-300x169.jpg\" alt=\"NordVPN vs Surfshark 2026: Vilken VPN \u00c4r Egentligen B\u00e4st?\" loading=\"lazy\" width=\"400\" height=\"225\" \/><\/div><span class=\"ets-card-cat\">VPN &amp; Sakerhet<\/span><h3 class=\"ets-card-title\">NordVPN vs Surfshark 2026: Vilken VPN \u00c4r Egentligen B\u00e4st?<\/h3><p class=\"ets-card-excerpt\">Hem &rsaquo; VPN &amp; S\u00e4kerhet &rsaquo; NordVPN vs Surfshark NordVPN vs Surfshark 2026: Vilken VPN \u00c4r Egentligen B\u00e4st? Vi testade&hellip;<\/p><\/a><a href=\"https:\/\/easytopspot.com\/sv\/basta-e-postmarknadsforingsplattformar\/\" class=\"ets-article-card\"><div class=\"ets-card-img\"><img decoding=\"async\" src=\"https:\/\/easytopspot.com\/wp-content\/uploads\/2026\/03\/hero-email-marketing-v2-300x168.jpg\" alt=\"B\u00e4sta plattformarna f\u00f6r e-postmarknadsf\u00f6ring 2026: 7 tj\u00e4nster testade f\u00f6r funktioner, leveransbarhet &amp; prisv\u00e4rdhet\" loading=\"lazy\" width=\"400\" height=\"225\" \/><\/div><span class=\"ets-card-cat\">Marketing<\/span><h3 class=\"ets-card-title\">B\u00e4sta plattformarna f\u00f6r e-postmarknadsf\u00f6ring 2026: 7 tj\u00e4nster testade f\u00f6r funktioner, leveransbarhet &amp; prisv\u00e4rdhet<\/h3><p class=\"ets-card-excerpt\">Hem &rsaquo; E-postmarknadsf\u00f6ring &rsaquo; Plattformar B\u00e4sta plattformarna f\u00f6r e-postmarknadsf\u00f6ring 2026: 7 tj\u00e4nster testade f\u00f6r funktioner, leveransbarhet &amp; prisv\u00e4rdhet Vi testade&hellip;<\/p><\/a><a href=\"https:\/\/easytopspot.com\/sv\/basta-vpn-tjanster\/\" class=\"ets-article-card\"><div class=\"ets-card-img\"><img decoding=\"async\" src=\"https:\/\/easytopspot.com\/wp-content\/uploads\/2026\/03\/hero-vpn-v2-300x168.jpg\" alt=\"B\u00e4sta VPN-tj\u00e4nster 2026: 7 leverant\u00f6rer testade f\u00f6r hastighet, integritet &amp; streaming\" loading=\"lazy\" width=\"400\" height=\"225\" \/><\/div><span class=\"ets-card-cat\">VPN &amp; Sakerhet<\/span><h3 class=\"ets-card-title\">B\u00e4sta VPN-tj\u00e4nster 2026: 7 leverant\u00f6rer testade f\u00f6r hastighet, integritet &amp; streaming<\/h3><p class=\"ets-card-excerpt\">Hem &rsaquo; VPN &amp; S\u00e4kerhet &rsaquo; VPN-tj\u00e4nster B\u00e4sta VPN-tj\u00e4nster 2026: 7 leverant\u00f6rer testade f\u00f6r hastighet, integritet &amp; streaming Vi testade&hellip;<\/p><\/a><\/div><\/div>\n<\/div>\n","protected":false},"excerpt":{"rendered":"<p>Oberoende recensioner du kan lita p\u00e5 Vi testar, j\u00e4mf\u00f6r och rangordnar produkter f\u00f6r smartare val. Utforska per kategori TechEkonomiMarknadsf\u00f6ringH\u00e4lsaVPN och S\u00e4kerhet Senaste artiklarna<\/p>\n","protected":false},"author":0,"featured_media":0,"parent":0,"menu_order":0,"comment_status":"closed","ping_status":"closed","template":"","meta":{"footnotes":""},"class_list":["post-33","page","type-page","status-publish","hentry"],"_links":{"self":[{"href":"https:\/\/easytopspot.com\/sv\/wp-json\/wp\/v2\/pages\/33","targetHints":{"allow":["GET"]}}],"collection":[{"href":"https:\/\/easytopspot.com\/sv\/wp-json\/wp\/v2\/pages"}],"about":[{"href":"https:\/\/easytopspot.com\/sv\/wp-json\/wp\/v2\/types\/page"}],"replies":[{"embeddable":true,"href":"https:\/\/easytopspot.com\/sv\/wp-json\/wp\/v2\/comments?post=33"}],"version-history":[{"count":5,"href":"https:\/\/easytopspot.com\/sv\/wp-json\/wp\/v2\/pages\/33\/revisions"}],"predecessor-version":[{"id":865,"href":"https:\/\/easytopspot.com\/sv\/wp-json\/wp\/v2\/pages\/33\/revisions\/865"}],"wp:attachment":[{"href":"https:\/\/easytopspot.com\/sv\/wp-json\/wp\/v2\/media?parent=33"}],"curies":[{"name":"wp","href":"https:\/\/api.w.org\/{rel}","templated":true}]}}