{"id":1427,"date":"2026-03-08T14:05:09","date_gmt":"2026-03-08T14:05:09","guid":{"rendered":"https:\/\/easytopspot.com\/hakkimizda-2\/"},"modified":"2026-03-08T14:05:09","modified_gmt":"2026-03-08T14:05:09","slug":"hakkimizda","status":"publish","type":"page","link":"https:\/\/easytopspot.com\/tr\/hakkimizda\/","title":{"rendered":"Hakk\u0131m\u0131zda"},"content":{"rendered":"<div class=\"fp\">\n<h1>EasyTopSpot Hakk\u0131nda<\/h1>\n<p>EasyTopSpot ba\u011f\u0131ms\u0131z bir \u00fcr\u00fcn inceleme ve kar\u015f\u0131la\u015ft\u0131rma web sitesidir. Ger\u00e7ek \u00fcr\u00fcnleri ger\u00e7ek ko\u015fullarda test ediyor ve d\u00fcr\u00fcst, tarafs\u0131z incelemeler yay\u0131nl\u0131yoruz.<\/p>\n<h2>Nas\u0131l para kazan\u0131yoruz<\/h2>\n<p>Ba\u011flant\u0131lar\u0131m\u0131z \u00fczerinden \u00fcr\u00fcn sat\u0131n ald\u0131\u011f\u0131n\u0131zda ortakl\u0131k komisyonlar\u0131 al\u0131yoruz. Bu, incelemelerimizi asla etkilemez.<\/p>\n<h2>\u0130leti\u015fim<\/h2>\n<p>Sorular\u0131n\u0131z m\u0131 var? Bize yaz\u0131n: <strong>contact@easytopspot.com<\/strong><\/p>\n<\/div>\n","protected":false},"excerpt":{"rendered":"<p>EasyTopSpot Hakk\u0131nda EasyTopSpot ba\u011f\u0131ms\u0131z bir \u00fcr\u00fcn inceleme ve kar\u015f\u0131la\u015ft\u0131rma web sitesidir. Ger\u00e7ek \u00fcr\u00fcnleri ger\u00e7ek ko\u015fullarda test ediyor ve d\u00fcr\u00fcst, tarafs\u0131z incelemeler yay\u0131nl\u0131yoruz. Nas\u0131l para kazan\u0131yoruz Ba\u011flant\u0131lar\u0131m\u0131z \u00fczerinden \u00fcr\u00fcn sat\u0131n ald\u0131\u011f\u0131n\u0131zda &#8230; <a title=\"Hakk\u0131m\u0131zda\" class=\"read-more\" href=\"https:\/\/easytopspot.com\/tr\/hakkimizda\/\" aria-label=\"Read more about Hakk\u0131m\u0131zda\">Read More \u2192<\/a><\/p>\n","protected":false},"author":3,"featured_media":0,"parent":0,"menu_order":0,"comment_status":"closed","ping_status":"closed","template":"","meta":{"footnotes":""},"class_list":["post-1427","page","type-page","status-publish"],"_links":{"self":[{"href":"https:\/\/easytopspot.com\/tr\/wp-json\/wp\/v2\/pages\/1427","targetHints":{"allow":["GET"]}}],"collection":[{"href":"https:\/\/easytopspot.com\/tr\/wp-json\/wp\/v2\/pages"}],"about":[{"href":"https:\/\/easytopspot.com\/tr\/wp-json\/wp\/v2\/types\/page"}],"author":[{"embeddable":true,"href":"https:\/\/easytopspot.com\/tr\/wp-json\/wp\/v2\/users\/3"}],"replies":[{"embeddable":true,"href":"https:\/\/easytopspot.com\/tr\/wp-json\/wp\/v2\/comments?post=1427"}],"version-history":[{"count":0,"href":"https:\/\/easytopspot.com\/tr\/wp-json\/wp\/v2\/pages\/1427\/revisions"}],"wp:attachment":[{"href":"https:\/\/easytopspot.com\/tr\/wp-json\/wp\/v2\/media?parent=1427"}],"curies":[{"name":"wp","href":"https:\/\/api.w.org\/{rel}","templated":true}]}}