{"id":1451,"date":"2026-03-08T14:05:16","date_gmt":"2026-03-08T14:05:16","guid":{"rendered":"https:\/\/easytopspot.com\/gizlilik-politikasi\/"},"modified":"2026-03-08T14:05:16","modified_gmt":"2026-03-08T14:05:16","slug":"gizlilik-politikasi","status":"publish","type":"page","link":"https:\/\/easytopspot.com\/tr\/gizlilik-politikasi\/","title":{"rendered":"Gizlilik Politikas\u0131"},"content":{"rendered":"<div class=\"fp\">\n<h1>Gizlilik Politikas\u0131<\/h1>\n<p><em>Son g\u00fcncelleme: Mart 2026<\/em><\/p>\n<p>\u00c7erezler ve analiz ara\u00e7lar\u0131 arac\u0131l\u0131\u011f\u0131yla anonim kullan\u0131m verileri topluyoruz. G\u00f6n\u00fcll\u00fc olarak sa\u011flamad\u0131\u011f\u0131n\u0131z s\u00fcrece ki\u015fisel bilgi toplam\u0131yoruz. Ki\u015fisel verilerinize eri\u015fim, d\u00fczeltme veya silme talebinde bulunabilirsiniz. \u0130leti\u015fim: contact@easytopspot.com.<\/p>\n<\/div>\n","protected":false},"excerpt":{"rendered":"<p>Gizlilik Politikas\u0131 Son g\u00fcncelleme: Mart 2026 \u00c7erezler ve analiz ara\u00e7lar\u0131 arac\u0131l\u0131\u011f\u0131yla anonim kullan\u0131m verileri topluyoruz. G\u00f6n\u00fcll\u00fc olarak sa\u011flamad\u0131\u011f\u0131n\u0131z s\u00fcrece ki\u015fisel bilgi toplam\u0131yoruz. Ki\u015fisel verilerinize eri\u015fim, d\u00fczeltme veya silme talebinde bulunabilirsiniz. &#8230; <a title=\"Gizlilik Politikas\u0131\" class=\"read-more\" href=\"https:\/\/easytopspot.com\/tr\/gizlilik-politikasi\/\" aria-label=\"Read more about Gizlilik Politikas\u0131\">Read More \u2192<\/a><\/p>\n","protected":false},"author":3,"featured_media":0,"parent":0,"menu_order":0,"comment_status":"closed","ping_status":"closed","template":"","meta":{"footnotes":""},"class_list":["post-1451","page","type-page","status-publish"],"_links":{"self":[{"href":"https:\/\/easytopspot.com\/tr\/wp-json\/wp\/v2\/pages\/1451","targetHints":{"allow":["GET"]}}],"collection":[{"href":"https:\/\/easytopspot.com\/tr\/wp-json\/wp\/v2\/pages"}],"about":[{"href":"https:\/\/easytopspot.com\/tr\/wp-json\/wp\/v2\/types\/page"}],"author":[{"embeddable":true,"href":"https:\/\/easytopspot.com\/tr\/wp-json\/wp\/v2\/users\/3"}],"replies":[{"embeddable":true,"href":"https:\/\/easytopspot.com\/tr\/wp-json\/wp\/v2\/comments?post=1451"}],"version-history":[{"count":0,"href":"https:\/\/easytopspot.com\/tr\/wp-json\/wp\/v2\/pages\/1451\/revisions"}],"wp:attachment":[{"href":"https:\/\/easytopspot.com\/tr\/wp-json\/wp\/v2\/media?parent=1451"}],"curies":[{"name":"wp","href":"https:\/\/api.w.org\/{rel}","templated":true}]}}