{"id":1475,"date":"2026-03-08T14:05:23","date_gmt":"2026-03-08T14:05:23","guid":{"rendered":"https:\/\/easytopspot.com\/iletisim\/"},"modified":"2026-03-08T14:05:23","modified_gmt":"2026-03-08T14:05:23","slug":"iletisim","status":"publish","type":"page","link":"https:\/\/easytopspot.com\/tr\/iletisim\/","title":{"rendered":"\u0130leti\u015fim"},"content":{"rendered":"<div class=\"fp\">\n<h1>\u0130leti\u015fim<\/h1>\n<p>Bir inceleme hakk\u0131nda sorunuz, \u00fcr\u00fcn \u00f6neriniz veya i\u015f teklifiniz mi var? Sizden haber almak isteriz.<\/p>\n<p><strong>E-posta:<\/strong> contact@easytopspot.com<\/p>\n<p><strong>Yan\u0131t s\u00fcresi:<\/strong> Genellikle 48 saat i\u00e7inde yan\u0131t veriyoruz.<\/p>\n<\/div>\n","protected":false},"excerpt":{"rendered":"<p>\u0130leti\u015fim Bir inceleme hakk\u0131nda sorunuz, \u00fcr\u00fcn \u00f6neriniz veya i\u015f teklifiniz mi var? Sizden haber almak isteriz. E-posta: contact@easytopspot.com Yan\u0131t s\u00fcresi: Genellikle 48 saat i\u00e7inde yan\u0131t veriyoruz.<\/p>\n","protected":false},"author":3,"featured_media":0,"parent":0,"menu_order":0,"comment_status":"closed","ping_status":"closed","template":"","meta":{"footnotes":""},"class_list":["post-1475","page","type-page","status-publish"],"_links":{"self":[{"href":"https:\/\/easytopspot.com\/tr\/wp-json\/wp\/v2\/pages\/1475","targetHints":{"allow":["GET"]}}],"collection":[{"href":"https:\/\/easytopspot.com\/tr\/wp-json\/wp\/v2\/pages"}],"about":[{"href":"https:\/\/easytopspot.com\/tr\/wp-json\/wp\/v2\/types\/page"}],"author":[{"embeddable":true,"href":"https:\/\/easytopspot.com\/tr\/wp-json\/wp\/v2\/users\/3"}],"replies":[{"embeddable":true,"href":"https:\/\/easytopspot.com\/tr\/wp-json\/wp\/v2\/comments?post=1475"}],"version-history":[{"count":0,"href":"https:\/\/easytopspot.com\/tr\/wp-json\/wp\/v2\/pages\/1475\/revisions"}],"wp:attachment":[{"href":"https:\/\/easytopspot.com\/tr\/wp-json\/wp\/v2\/media?parent=1475"}],"curies":[{"name":"wp","href":"https:\/\/api.w.org\/{rel}","templated":true}]}}