{"id":1499,"date":"2026-03-08T14:05:35","date_gmt":"2026-03-08T14:05:35","guid":{"rendered":"https:\/\/easytopspot.com\/kullanim-kosullari\/"},"modified":"2026-03-08T14:05:35","modified_gmt":"2026-03-08T14:05:35","slug":"kullanim-kosullari","status":"publish","type":"page","link":"https:\/\/easytopspot.com\/tr\/kullanim-kosullari\/","title":{"rendered":"Kullan\u0131m Ko\u015fullar\u0131"},"content":{"rendered":"<div class=\"fp\">\n<h1>Kullan\u0131m Ko\u015fullar\u0131<\/h1>\n<p><em>Son g\u00fcncelleme: Mart 2026<\/em><\/p>\n<p>EasyTopSpot i\u00e7eri\u011fi yaln\u0131zca bilgilendirme ama\u00e7l\u0131d\u0131r. Ortakl\u0131k programlar\u0131na kat\u0131l\u0131yoruz. T\u00fcm i\u00e7erik ve tasar\u0131m EasyTopSpot&#8217;a aittir.<\/p>\n<\/div>\n","protected":false},"excerpt":{"rendered":"<p>Kullan\u0131m Ko\u015fullar\u0131 Son g\u00fcncelleme: Mart 2026 EasyTopSpot i\u00e7eri\u011fi yaln\u0131zca bilgilendirme ama\u00e7l\u0131d\u0131r. Ortakl\u0131k programlar\u0131na kat\u0131l\u0131yoruz. T\u00fcm i\u00e7erik ve tasar\u0131m EasyTopSpot&#8217;a aittir.<\/p>\n","protected":false},"author":3,"featured_media":0,"parent":0,"menu_order":0,"comment_status":"closed","ping_status":"closed","template":"","meta":{"footnotes":""},"class_list":["post-1499","page","type-page","status-publish"],"_links":{"self":[{"href":"https:\/\/easytopspot.com\/tr\/wp-json\/wp\/v2\/pages\/1499","targetHints":{"allow":["GET"]}}],"collection":[{"href":"https:\/\/easytopspot.com\/tr\/wp-json\/wp\/v2\/pages"}],"about":[{"href":"https:\/\/easytopspot.com\/tr\/wp-json\/wp\/v2\/types\/page"}],"author":[{"embeddable":true,"href":"https:\/\/easytopspot.com\/tr\/wp-json\/wp\/v2\/users\/3"}],"replies":[{"embeddable":true,"href":"https:\/\/easytopspot.com\/tr\/wp-json\/wp\/v2\/comments?post=1499"}],"version-history":[{"count":0,"href":"https:\/\/easytopspot.com\/tr\/wp-json\/wp\/v2\/pages\/1499\/revisions"}],"wp:attachment":[{"href":"https:\/\/easytopspot.com\/tr\/wp-json\/wp\/v2\/media?parent=1499"}],"curies":[{"name":"wp","href":"https:\/\/api.w.org\/{rel}","templated":true}]}}