{"id":37,"date":"2026-03-06T16:59:44","date_gmt":"2026-03-06T16:59:44","guid":{"rendered":"https:\/\/easytopspot.com\/home-tr\/"},"modified":"2026-03-07T23:47:11","modified_gmt":"2026-03-07T23:47:11","slug":"ana-sayfa","status":"publish","type":"page","link":"https:\/\/easytopspot.com\/tr\/ana-sayfa\/","title":{"rendered":"EasyTopSpot \u2014 Uzman \u0130ncelemeleri ve Kar\u015f\u0131la\u015ft\u0131rmalar"},"content":{"rendered":"<div class=\"ets-hp\">\n<div class=\"ets-hp-hero\">\n<h1>G\u00fcvenebilece\u011finiz ba\u011f\u0131ms\u0131z incelemeler<\/h1>\n<p>\u00dcr\u00fcnleri test ediyor, kar\u015f\u0131la\u015ft\u0131r\u0131yor ve s\u0131ral\u0131yoruz.<\/p>\n<\/div>\n<div class=\"ets-hp-section\">\n<h2>Kategoriye g\u00f6re ke\u015ffet<\/h2>\n<div class=\"ets-hp-cats\"><a href=\"\/tr\/category\/tech\/\" class=\"ets-hp-cat\"><svg xmlns=\"http:\/\/www.w3.org\/2000\/svg\" width=\"28\" height=\"28\" viewBox=\"0 0 24 24\" fill=\"none\" stroke=\"#2563eb\" stroke-width=\"2\" stroke-linecap=\"round\" stroke-linejoin=\"round\"><rect x=\"2\" y=\"3\" width=\"20\" height=\"14\" rx=\"2\" ry=\"2\"\/><line x1=\"8\" y1=\"21\" x2=\"16\" y2=\"21\"\/><line x1=\"12\" y1=\"17\" x2=\"12\" y2=\"21\"\/><\/svg><span>Teknoloji<\/span><\/a><a href=\"\/tr\/category\/finance\/\" class=\"ets-hp-cat\"><svg xmlns=\"http:\/\/www.w3.org\/2000\/svg\" width=\"28\" height=\"28\" viewBox=\"0 0 24 24\" fill=\"none\" stroke=\"#2563eb\" stroke-width=\"2\" stroke-linecap=\"round\" stroke-linejoin=\"round\"><line x1=\"12\" y1=\"1\" x2=\"12\" y2=\"23\"\/><path d=\"M17 5H9.5a3.5 3.5 0 0 0 0 7h5a3.5 3.5 0 0 1 0 7H6\"\/><\/svg><span>Finans<\/span><\/a><a href=\"\/tr\/category\/marketing\/\" class=\"ets-hp-cat\"><svg xmlns=\"http:\/\/www.w3.org\/2000\/svg\" width=\"28\" height=\"28\" viewBox=\"0 0 24 24\" fill=\"none\" stroke=\"#2563eb\" stroke-width=\"2\" stroke-linecap=\"round\" stroke-linejoin=\"round\"><polyline points=\"22 12 18 12 15 21 9 3 6 12 2 12\"\/><\/svg><span>Pazarlama<\/span><\/a><a href=\"\/tr\/category\/health\/\" class=\"ets-hp-cat\"><svg xmlns=\"http:\/\/www.w3.org\/2000\/svg\" width=\"28\" height=\"28\" viewBox=\"0 0 24 24\" fill=\"none\" stroke=\"#2563eb\" stroke-width=\"2\" stroke-linecap=\"round\" stroke-linejoin=\"round\"><path d=\"M20.84 4.61a5.5 5.5 0 0 0-7.78 0L12 5.67l-1.06-1.06a5.5 5.5 0 0 0-7.78 7.78l1.06 1.06L12 21.23l7.78-7.78 1.06-1.06a5.5 5.5 0 0 0 0-7.78z\"\/><\/svg><span>Sa\u011fl\u0131k<\/span><\/a><a href=\"\/tr\/category\/vpn-security\/\" class=\"ets-hp-cat\"><svg xmlns=\"http:\/\/www.w3.org\/2000\/svg\" width=\"28\" height=\"28\" viewBox=\"0 0 24 24\" fill=\"none\" stroke=\"#2563eb\" stroke-width=\"2\" stroke-linecap=\"round\" stroke-linejoin=\"round\"><path d=\"M12 22s8-4 8-10V5l-8-3-8 3v7c0 6 8 10 8 10z\"\/><\/svg><span>VPN ve G\u00fcvenlik<\/span><\/a><\/div>\n<\/div>\n<div class=\"ets-hp-section\">\n<h2>Son makaleler<\/h2>\n<div class=\"ets-article-grid\"><a href=\"https:\/\/easytopspot.com\/tr\/hostinger-vs-siteground-karsilastirma\/\" class=\"ets-article-card\"><div class=\"ets-card-img\"><img decoding=\"async\" src=\"https:\/\/easytopspot.com\/wp-content\/uploads\/2026\/03\/hero-hostinger-vs-siteground-300x168.jpg\" alt=\"Hostinger vs SiteGround 2026: Hangi Web Hosting Ger\u00e7ekten Paran\u0131za De\u011fer?\" loading=\"lazy\" width=\"400\" height=\"225\" \/><\/div><span class=\"ets-card-cat\">Teknoloji<\/span><h3 class=\"ets-card-title\">Hostinger vs SiteGround 2026: Hangi Web Hosting Ger\u00e7ekten Paran\u0131za De\u011fer?<\/h3><p class=\"ets-card-excerpt\">Ana Sayfa &rsaquo; Teknoloji &rsaquo; Hostinger vs SiteGround Hostinger vs SiteGround 2026: Hangi Web Hosting Ger\u00e7ekten Paran\u0131za De\u011fer? Her iki&hellip;<\/p><\/a><a href=\"https:\/\/easytopspot.com\/tr\/en-iyi-bulut-depolama-2026\/\" class=\"ets-article-card\"><div class=\"ets-card-img\"><img decoding=\"async\" src=\"https:\/\/easytopspot.com\/wp-content\/uploads\/2026\/03\/hero-cloud-storage-300x169.jpg\" alt=\"En \u0130yi Bulut Depolama 2026: H\u0131z, G\u00fcvenlik ve Fiyat A\u00e7\u0131s\u0131ndan Test Edilen 7 Hizmet\" loading=\"lazy\" width=\"400\" height=\"225\" \/><\/div><span class=\"ets-card-cat\">Teknoloji<\/span><h3 class=\"ets-card-title\">En \u0130yi Bulut Depolama 2026: H\u0131z, G\u00fcvenlik ve Fiyat A\u00e7\u0131s\u0131ndan Test Edilen 7 Hizmet<\/h3><p class=\"ets-card-excerpt\">Ana Sayfa &rsaquo; Teknoloji &rsaquo; Bulut Depolama En \u0130yi Bulut Depolama 2026: H\u0131z, G\u00fcvenlik ve Fiyat A\u00e7\u0131s\u0131ndan Test Edilen 7&hellip;<\/p><\/a><a href=\"https:\/\/easytopspot.com\/tr\/vpn-nasil-kurulur\/\" class=\"ets-article-card\"><div class=\"ets-card-img\"><img decoding=\"async\" src=\"https:\/\/easytopspot.com\/wp-content\/uploads\/2026\/03\/hero-vpn-v2-300x168.jpg\" alt=\"2026&#8217;da Herhangi Bir Cihazda VPN Nas\u0131l Kurulur: Ad\u0131m Ad\u0131m K\u0131lavuz\" loading=\"lazy\" width=\"400\" height=\"225\" \/><\/div><span class=\"ets-card-cat\">VPN ve Guvenlik<\/span><h3 class=\"ets-card-title\">2026&#8217;da Herhangi Bir Cihazda VPN Nas\u0131l Kurulur: Ad\u0131m Ad\u0131m K\u0131lavuz<\/h3><p class=\"ets-card-excerpt\">Ana Sayfa &rsaquo; VPN &amp; G\u00fcvenlik &rsaquo; VPN Nas\u0131l Kurulur 2026&#8217;da Herhangi Bir Cihazda VPN Nas\u0131l Kurulur: Ad\u0131m Ad\u0131m K\u0131lavuz&hellip;<\/p><\/a><a href=\"https:\/\/easytopspot.com\/tr\/nordvpn-vs-surfshark-karsilastirma\/\" class=\"ets-article-card\"><div class=\"ets-card-img\"><img decoding=\"async\" src=\"https:\/\/easytopspot.com\/wp-content\/uploads\/2026\/03\/hero-nordvpn-vs-surfshark-300x169.jpg\" alt=\"NordVPN vs Surfshark 2026: Hangi VPN Ger\u00e7ekten Daha \u0130yi?\" loading=\"lazy\" width=\"400\" height=\"225\" \/><\/div><span class=\"ets-card-cat\">VPN ve Guvenlik<\/span><h3 class=\"ets-card-title\">NordVPN vs Surfshark 2026: Hangi VPN Ger\u00e7ekten Daha \u0130yi?<\/h3><p class=\"ets-card-excerpt\">Ana Sayfa &rsaquo; VPN &amp; G\u00fcvenlik &rsaquo; NordVPN vs Surfshark NordVPN vs Surfshark 2026: Hangi VPN Ger\u00e7ekten Daha \u0130yi? Her&hellip;<\/p><\/a><a href=\"https:\/\/easytopspot.com\/tr\/en-iyi-email-pazarlama-platformlari\/\" class=\"ets-article-card\"><div class=\"ets-card-img\"><img decoding=\"async\" src=\"https:\/\/easytopspot.com\/wp-content\/uploads\/2026\/03\/hero-email-marketing-v2-300x168.jpg\" alt=\"En \u0130yi E-posta Pazarlama Platformlar\u0131 2026: 7 Servis Test Edildi \u2014 \u00d6zellikler, Teslim Oran\u0131 ve Fiyat Kar\u015f\u0131la\u015ft\u0131rmas\u0131\" loading=\"lazy\" width=\"400\" height=\"225\" \/><\/div><span class=\"ets-card-cat\">Pazarlama<\/span><h3 class=\"ets-card-title\">En \u0130yi E-posta Pazarlama Platformlar\u0131 2026: 7 Servis Test Edildi \u2014 \u00d6zellikler, Teslim Oran\u0131 ve Fiyat Kar\u015f\u0131la\u015ft\u0131rmas\u0131<\/h3><p class=\"ets-card-excerpt\">Ana Sayfa &rsaquo; E-posta Pazarlama &rsaquo; Platformlar En \u0130yi E-posta Pazarlama Platformlar\u0131 2026: 7 Servis Test Edildi &mdash; \u00d6zellikler, Teslim&hellip;<\/p><\/a><a href=\"https:\/\/easytopspot.com\/tr\/en-iyi-vpn-hizmetleri\/\" class=\"ets-article-card\"><div class=\"ets-card-img\"><img decoding=\"async\" src=\"https:\/\/easytopspot.com\/wp-content\/uploads\/2026\/03\/hero-vpn-v2-300x168.jpg\" alt=\"En \u0130yi VPN Hizmetleri 2026: H\u0131z, Gizlilik ve Ak\u0131\u015f i\u00e7in Test Edilmi\u015f 7 Sa\u011flay\u0131c\u0131\" loading=\"lazy\" width=\"400\" height=\"225\" \/><\/div><span class=\"ets-card-cat\">VPN ve Guvenlik<\/span><h3 class=\"ets-card-title\">En \u0130yi VPN Hizmetleri 2026: H\u0131z, Gizlilik ve Ak\u0131\u015f i\u00e7in Test Edilmi\u015f 7 Sa\u011flay\u0131c\u0131<\/h3><p class=\"ets-card-excerpt\">Ana Sayfa &rsaquo; VPN ve G\u00fcvenlik &rsaquo; VPN Hizmetleri En \u0130yi VPN Hizmetleri 2026: H\u0131z, Gizlilik ve Ak\u0131\u015f i\u00e7in Test&hellip;<\/p><\/a><\/div><\/div>\n<\/div>\n","protected":false},"excerpt":{"rendered":"<p>G\u00fcvenebilece\u011finiz ba\u011f\u0131ms\u0131z incelemeler \u00dcr\u00fcnleri test ediyor, kar\u015f\u0131la\u015ft\u0131r\u0131yor ve s\u0131ral\u0131yoruz. Kategoriye g\u00f6re ke\u015ffet TeknolojiFinansPazarlamaSa\u011fl\u0131kVPN ve G\u00fcvenlik Son makaleler<\/p>\n","protected":false},"author":0,"featured_media":0,"parent":0,"menu_order":0,"comment_status":"closed","ping_status":"closed","template":"","meta":{"footnotes":""},"class_list":["post-37","page","type-page","status-publish","hentry"],"_links":{"self":[{"href":"https:\/\/easytopspot.com\/tr\/wp-json\/wp\/v2\/pages\/37","targetHints":{"allow":["GET"]}}],"collection":[{"href":"https:\/\/easytopspot.com\/tr\/wp-json\/wp\/v2\/pages"}],"about":[{"href":"https:\/\/easytopspot.com\/tr\/wp-json\/wp\/v2\/types\/page"}],"replies":[{"embeddable":true,"href":"https:\/\/easytopspot.com\/tr\/wp-json\/wp\/v2\/comments?post=37"}],"version-history":[{"count":5,"href":"https:\/\/easytopspot.com\/tr\/wp-json\/wp\/v2\/pages\/37\/revisions"}],"predecessor-version":[{"id":869,"href":"https:\/\/easytopspot.com\/tr\/wp-json\/wp\/v2\/pages\/37\/revisions\/869"}],"wp:attachment":[{"href":"https:\/\/easytopspot.com\/tr\/wp-json\/wp\/v2\/media?parent=37"}],"curies":[{"name":"wp","href":"https:\/\/api.w.org\/{rel}","templated":true}]}}