{"id":1439,"date":"2026-03-08T14:05:13","date_gmt":"2026-03-08T14:05:13","guid":{"rendered":"https:\/\/easytopspot.com\/ve-chung-toi\/"},"modified":"2026-03-08T14:05:13","modified_gmt":"2026-03-08T14:05:13","slug":"ve-chung-toi","status":"publish","type":"page","link":"https:\/\/easytopspot.com\/vi\/ve-chung-toi\/","title":{"rendered":"V\u1ec1 Ch\u00fang T\u00f4i"},"content":{"rendered":"<div class=\"fp\">\n<h1>V\u1ec1 EasyTopSpot<\/h1>\n<p>EasyTopSpot l\u00e0 trang web \u0111\u00e1nh gi\u00e1 v\u00e0 so s\u00e1nh s\u1ea3n ph\u1ea9m \u0111\u1ed9c l\u1eadp. Ch\u00fang t\u00f4i ki\u1ec3m tra s\u1ea3n ph\u1ea9m th\u1ef1c trong \u0111i\u1ec1u ki\u1ec7n th\u1ef1c v\u00e0 xu\u1ea5t b\u1ea3n c\u00e1c \u0111\u00e1nh gi\u00e1 trung th\u1ef1c, kh\u00f4ng thi\u00ean v\u1ecb.<\/p>\n<h2>C\u00e1ch ch\u00fang t\u00f4i ki\u1ebfm ti\u1ec1n<\/h2>\n<p>Ch\u00fang t\u00f4i nh\u1eadn hoa h\u1ed3ng li\u00ean k\u1ebft khi b\u1ea1n mua s\u1ea3n ph\u1ea9m qua c\u00e1c li\u00ean k\u1ebft c\u1ee7a ch\u00fang t\u00f4i. \u0110i\u1ec1u n\u00e0y kh\u00f4ng bao gi\u1edd \u1ea3nh h\u01b0\u1edfng \u0111\u1ebfn \u0111\u00e1nh gi\u00e1 c\u1ee7a ch\u00fang t\u00f4i.<\/p>\n<h2>Li\u00ean h\u1ec7<\/h2>\n<p>C\u00e2u h\u1ecfi? Vi\u1ebft cho ch\u00fang t\u00f4i t\u1ea1i <strong>contact@easytopspot.com<\/strong><\/p>\n<\/div>\n","protected":false},"excerpt":{"rendered":"<p>V\u1ec1 EasyTopSpot EasyTopSpot l\u00e0 trang web \u0111\u00e1nh gi\u00e1 v\u00e0 so s\u00e1nh s\u1ea3n ph\u1ea9m \u0111\u1ed9c l\u1eadp. Ch\u00fang t\u00f4i ki\u1ec3m tra s\u1ea3n ph\u1ea9m th\u1ef1c trong \u0111i\u1ec1u ki\u1ec7n th\u1ef1c v\u00e0 xu\u1ea5t b\u1ea3n c\u00e1c &#8230; <a title=\"V\u1ec1 Ch\u00fang T\u00f4i\" class=\"read-more\" href=\"https:\/\/easytopspot.com\/vi\/ve-chung-toi\/\" aria-label=\"Read more about V\u1ec1 Ch\u00fang T\u00f4i\">Read More \u2192<\/a><\/p>\n","protected":false},"author":3,"featured_media":0,"parent":0,"menu_order":0,"comment_status":"closed","ping_status":"closed","template":"","meta":{"footnotes":""},"class_list":["post-1439","page","type-page","status-publish"],"_links":{"self":[{"href":"https:\/\/easytopspot.com\/vi\/wp-json\/wp\/v2\/pages\/1439","targetHints":{"allow":["GET"]}}],"collection":[{"href":"https:\/\/easytopspot.com\/vi\/wp-json\/wp\/v2\/pages"}],"about":[{"href":"https:\/\/easytopspot.com\/vi\/wp-json\/wp\/v2\/types\/page"}],"author":[{"embeddable":true,"href":"https:\/\/easytopspot.com\/vi\/wp-json\/wp\/v2\/users\/3"}],"replies":[{"embeddable":true,"href":"https:\/\/easytopspot.com\/vi\/wp-json\/wp\/v2\/comments?post=1439"}],"version-history":[{"count":0,"href":"https:\/\/easytopspot.com\/vi\/wp-json\/wp\/v2\/pages\/1439\/revisions"}],"wp:attachment":[{"href":"https:\/\/easytopspot.com\/vi\/wp-json\/wp\/v2\/media?parent=1439"}],"curies":[{"name":"wp","href":"https:\/\/api.w.org\/{rel}","templated":true}]}}