{"id":1463,"date":"2026-03-08T14:05:19","date_gmt":"2026-03-08T14:05:19","guid":{"rendered":"https:\/\/easytopspot.com\/chinh-sach-bao-mat\/"},"modified":"2026-03-08T14:05:19","modified_gmt":"2026-03-08T14:05:19","slug":"chinh-sach-bao-mat","status":"publish","type":"page","link":"https:\/\/easytopspot.com\/vi\/chinh-sach-bao-mat\/","title":{"rendered":"Ch\u00ednh S\u00e1ch B\u1ea3o M\u1eadt"},"content":{"rendered":"<div class=\"fp\">\n<h1>Ch\u00ednh S\u00e1ch B\u1ea3o M\u1eadt<\/h1>\n<p><em>C\u1eadp nh\u1eadt l\u1ea7n cu\u1ed1i: Th\u00e1ng 3, 2026<\/em><\/p>\n<p>Ch\u00fang t\u00f4i thu th\u1eadp d\u1eef li\u1ec7u s\u1eed d\u1ee5ng \u1ea9n danh th\u00f4ng qua cookie v\u00e0 c\u00f4ng c\u1ee5 ph\u00e2n t\u00edch. Ch\u00fang t\u00f4i kh\u00f4ng thu th\u1eadp th\u00f4ng tin c\u00e1 nh\u00e2n tr\u1eeb khi b\u1ea1n t\u1ef1 nguy\u1ec7n cung c\u1ea5p. Li\u00ean h\u1ec7: contact@easytopspot.com.<\/p>\n<\/div>\n","protected":false},"excerpt":{"rendered":"<p>Ch\u00ednh S\u00e1ch B\u1ea3o M\u1eadt C\u1eadp nh\u1eadt l\u1ea7n cu\u1ed1i: Th\u00e1ng 3, 2026 Ch\u00fang t\u00f4i thu th\u1eadp d\u1eef li\u1ec7u s\u1eed d\u1ee5ng \u1ea9n danh th\u00f4ng qua cookie v\u00e0 c\u00f4ng c\u1ee5 ph\u00e2n t\u00edch. Ch\u00fang &#8230; <a title=\"Ch\u00ednh S\u00e1ch B\u1ea3o M\u1eadt\" class=\"read-more\" href=\"https:\/\/easytopspot.com\/vi\/chinh-sach-bao-mat\/\" aria-label=\"Read more about Ch\u00ednh S\u00e1ch B\u1ea3o M\u1eadt\">Read More \u2192<\/a><\/p>\n","protected":false},"author":3,"featured_media":0,"parent":0,"menu_order":0,"comment_status":"closed","ping_status":"closed","template":"","meta":{"footnotes":""},"class_list":["post-1463","page","type-page","status-publish"],"_links":{"self":[{"href":"https:\/\/easytopspot.com\/vi\/wp-json\/wp\/v2\/pages\/1463","targetHints":{"allow":["GET"]}}],"collection":[{"href":"https:\/\/easytopspot.com\/vi\/wp-json\/wp\/v2\/pages"}],"about":[{"href":"https:\/\/easytopspot.com\/vi\/wp-json\/wp\/v2\/types\/page"}],"author":[{"embeddable":true,"href":"https:\/\/easytopspot.com\/vi\/wp-json\/wp\/v2\/users\/3"}],"replies":[{"embeddable":true,"href":"https:\/\/easytopspot.com\/vi\/wp-json\/wp\/v2\/comments?post=1463"}],"version-history":[{"count":0,"href":"https:\/\/easytopspot.com\/vi\/wp-json\/wp\/v2\/pages\/1463\/revisions"}],"wp:attachment":[{"href":"https:\/\/easytopspot.com\/vi\/wp-json\/wp\/v2\/media?parent=1463"}],"curies":[{"name":"wp","href":"https:\/\/api.w.org\/{rel}","templated":true}]}}