{"id":1487,"date":"2026-03-08T14:05:27","date_gmt":"2026-03-08T14:05:27","guid":{"rendered":"https:\/\/easytopspot.com\/lien-he\/"},"modified":"2026-03-08T14:05:27","modified_gmt":"2026-03-08T14:05:27","slug":"lien-he","status":"publish","type":"page","link":"https:\/\/easytopspot.com\/vi\/lien-he\/","title":{"rendered":"Li\u00ean H\u1ec7"},"content":{"rendered":"<div class=\"fp\">\n<h1>Li\u00ean H\u1ec7<\/h1>\n<p>B\u1ea1n c\u00f3 c\u00e2u h\u1ecfi v\u1ec1 \u0111\u00e1nh gi\u00e1, g\u1ee3i \u00fd s\u1ea3n ph\u1ea9m ho\u1eb7c y\u00eau c\u1ea7u kinh doanh? Ch\u00fang t\u00f4i r\u1ea5t mu\u1ed1n nghe t\u1eeb b\u1ea1n.<\/p>\n<p><strong>Email:<\/strong> contact@easytopspot.com<\/p>\n<p><strong>Th\u1eddi gian ph\u1ea3n h\u1ed3i:<\/strong> Ch\u00fang t\u00f4i th\u01b0\u1eddng ph\u1ea3n h\u1ed3i trong v\u00f2ng 48 gi\u1edd.<\/p>\n<\/div>\n","protected":false},"excerpt":{"rendered":"<p>Li\u00ean H\u1ec7 B\u1ea1n c\u00f3 c\u00e2u h\u1ecfi v\u1ec1 \u0111\u00e1nh gi\u00e1, g\u1ee3i \u00fd s\u1ea3n ph\u1ea9m ho\u1eb7c y\u00eau c\u1ea7u kinh doanh? Ch\u00fang t\u00f4i r\u1ea5t mu\u1ed1n nghe t\u1eeb b\u1ea1n. Email: contact@easytopspot.com Th\u1eddi gian ph\u1ea3n &#8230; <a title=\"Li\u00ean H\u1ec7\" class=\"read-more\" href=\"https:\/\/easytopspot.com\/vi\/lien-he\/\" aria-label=\"Read more about Li\u00ean H\u1ec7\">Read More \u2192<\/a><\/p>\n","protected":false},"author":3,"featured_media":0,"parent":0,"menu_order":0,"comment_status":"closed","ping_status":"closed","template":"","meta":{"footnotes":""},"class_list":["post-1487","page","type-page","status-publish"],"_links":{"self":[{"href":"https:\/\/easytopspot.com\/vi\/wp-json\/wp\/v2\/pages\/1487","targetHints":{"allow":["GET"]}}],"collection":[{"href":"https:\/\/easytopspot.com\/vi\/wp-json\/wp\/v2\/pages"}],"about":[{"href":"https:\/\/easytopspot.com\/vi\/wp-json\/wp\/v2\/types\/page"}],"author":[{"embeddable":true,"href":"https:\/\/easytopspot.com\/vi\/wp-json\/wp\/v2\/users\/3"}],"replies":[{"embeddable":true,"href":"https:\/\/easytopspot.com\/vi\/wp-json\/wp\/v2\/comments?post=1487"}],"version-history":[{"count":0,"href":"https:\/\/easytopspot.com\/vi\/wp-json\/wp\/v2\/pages\/1487\/revisions"}],"wp:attachment":[{"href":"https:\/\/easytopspot.com\/vi\/wp-json\/wp\/v2\/media?parent=1487"}],"curies":[{"name":"wp","href":"https:\/\/api.w.org\/{rel}","templated":true}]}}