{"id":1511,"date":"2026-03-08T14:05:38","date_gmt":"2026-03-08T14:05:38","guid":{"rendered":"https:\/\/easytopspot.com\/dieu-khoan-su-dung\/"},"modified":"2026-03-08T14:05:38","modified_gmt":"2026-03-08T14:05:38","slug":"dieu-khoan-su-dung","status":"publish","type":"page","link":"https:\/\/easytopspot.com\/vi\/dieu-khoan-su-dung\/","title":{"rendered":"\u0110i\u1ec1u Kho\u1ea3n S\u1eed D\u1ee5ng"},"content":{"rendered":"<div class=\"fp\">\n<h1>\u0110i\u1ec1u Kho\u1ea3n S\u1eed D\u1ee5ng<\/h1>\n<p><em>C\u1eadp nh\u1eadt l\u1ea7n cu\u1ed1i: Th\u00e1ng 3, 2026<\/em><\/p>\n<p>N\u1ed9i dung tr\u00ean EasyTopSpot ch\u1ec9 mang t\u00ednh ch\u1ea5t th\u00f4ng tin. Ch\u00fang t\u00f4i tham gia c\u00e1c ch\u01b0\u01a1ng tr\u00ecnh li\u00ean k\u1ebft. T\u1ea5t c\u1ea3 n\u1ed9i dung v\u00e0 thi\u1ebft k\u1ebf thu\u1ed9c s\u1edf h\u1eefu c\u1ee7a EasyTopSpot.<\/p>\n<\/div>\n","protected":false},"excerpt":{"rendered":"<p>\u0110i\u1ec1u Kho\u1ea3n S\u1eed D\u1ee5ng C\u1eadp nh\u1eadt l\u1ea7n cu\u1ed1i: Th\u00e1ng 3, 2026 N\u1ed9i dung tr\u00ean EasyTopSpot ch\u1ec9 mang t\u00ednh ch\u1ea5t th\u00f4ng tin. Ch\u00fang t\u00f4i tham gia c\u00e1c ch\u01b0\u01a1ng tr\u00ecnh li\u00ean k\u1ebft. &#8230; <a title=\"\u0110i\u1ec1u Kho\u1ea3n S\u1eed D\u1ee5ng\" class=\"read-more\" href=\"https:\/\/easytopspot.com\/vi\/dieu-khoan-su-dung\/\" aria-label=\"Read more about \u0110i\u1ec1u Kho\u1ea3n S\u1eed D\u1ee5ng\">Read More \u2192<\/a><\/p>\n","protected":false},"author":3,"featured_media":0,"parent":0,"menu_order":0,"comment_status":"closed","ping_status":"closed","template":"","meta":{"footnotes":""},"class_list":["post-1511","page","type-page","status-publish"],"_links":{"self":[{"href":"https:\/\/easytopspot.com\/vi\/wp-json\/wp\/v2\/pages\/1511","targetHints":{"allow":["GET"]}}],"collection":[{"href":"https:\/\/easytopspot.com\/vi\/wp-json\/wp\/v2\/pages"}],"about":[{"href":"https:\/\/easytopspot.com\/vi\/wp-json\/wp\/v2\/types\/page"}],"author":[{"embeddable":true,"href":"https:\/\/easytopspot.com\/vi\/wp-json\/wp\/v2\/users\/3"}],"replies":[{"embeddable":true,"href":"https:\/\/easytopspot.com\/vi\/wp-json\/wp\/v2\/comments?post=1511"}],"version-history":[{"count":0,"href":"https:\/\/easytopspot.com\/vi\/wp-json\/wp\/v2\/pages\/1511\/revisions"}],"wp:attachment":[{"href":"https:\/\/easytopspot.com\/vi\/wp-json\/wp\/v2\/media?parent=1511"}],"curies":[{"name":"wp","href":"https:\/\/api.w.org\/{rel}","templated":true}]}}