{"id":49,"date":"2026-03-06T16:59:44","date_gmt":"2026-03-06T16:59:44","guid":{"rendered":"https:\/\/easytopspot.com\/home-vi\/"},"modified":"2026-03-07T23:47:20","modified_gmt":"2026-03-07T23:47:20","slug":"trang-chu","status":"publish","type":"page","link":"https:\/\/easytopspot.com\/vi\/trang-chu\/","title":{"rendered":"EasyTopSpot \u2014 \u0110\u00e1nh Gi\u00e1 Chuy\u00ean Gia v\u00e0 So S\u00e1nh"},"content":{"rendered":"<div class=\"ets-hp\">\n<div class=\"ets-hp-hero\">\n<h1>\u0110\u00e1nh gi\u00e1 \u0111\u1ed9c l\u1eadp \u0111\u00e1ng tin c\u1eady<\/h1>\n<p>Ch\u00fang t\u00f4i ki\u1ec3m tra, so s\u00e1nh v\u00e0 x\u1ebfp h\u1ea1ng s\u1ea3n ph\u1ea9m.<\/p>\n<\/div>\n<div class=\"ets-hp-section\">\n<h2>Kh\u00e1m ph\u00e1 theo danh m\u1ee5c<\/h2>\n<div class=\"ets-hp-cats\"><a href=\"\/vi\/category\/tech\/\" class=\"ets-hp-cat\"><svg xmlns=\"http:\/\/www.w3.org\/2000\/svg\" width=\"28\" height=\"28\" viewBox=\"0 0 24 24\" fill=\"none\" stroke=\"#2563eb\" stroke-width=\"2\" stroke-linecap=\"round\" stroke-linejoin=\"round\"><rect x=\"2\" y=\"3\" width=\"20\" height=\"14\" rx=\"2\" ry=\"2\"\/><line x1=\"8\" y1=\"21\" x2=\"16\" y2=\"21\"\/><line x1=\"12\" y1=\"17\" x2=\"12\" y2=\"21\"\/><\/svg><span>C\u00f4ng ngh\u1ec7<\/span><\/a><a href=\"\/vi\/category\/finance\/\" class=\"ets-hp-cat\"><svg xmlns=\"http:\/\/www.w3.org\/2000\/svg\" width=\"28\" height=\"28\" viewBox=\"0 0 24 24\" fill=\"none\" stroke=\"#2563eb\" stroke-width=\"2\" stroke-linecap=\"round\" stroke-linejoin=\"round\"><line x1=\"12\" y1=\"1\" x2=\"12\" y2=\"23\"\/><path d=\"M17 5H9.5a3.5 3.5 0 0 0 0 7h5a3.5 3.5 0 0 1 0 7H6\"\/><\/svg><span>T\u00e0i ch\u00ednh<\/span><\/a><a href=\"\/vi\/category\/marketing\/\" class=\"ets-hp-cat\"><svg xmlns=\"http:\/\/www.w3.org\/2000\/svg\" width=\"28\" height=\"28\" viewBox=\"0 0 24 24\" fill=\"none\" stroke=\"#2563eb\" stroke-width=\"2\" stroke-linecap=\"round\" stroke-linejoin=\"round\"><polyline points=\"22 12 18 12 15 21 9 3 6 12 2 12\"\/><\/svg><span>Ti\u1ebfp th\u1ecb<\/span><\/a><a href=\"\/vi\/category\/health\/\" class=\"ets-hp-cat\"><svg xmlns=\"http:\/\/www.w3.org\/2000\/svg\" width=\"28\" height=\"28\" viewBox=\"0 0 24 24\" fill=\"none\" stroke=\"#2563eb\" stroke-width=\"2\" stroke-linecap=\"round\" stroke-linejoin=\"round\"><path d=\"M20.84 4.61a5.5 5.5 0 0 0-7.78 0L12 5.67l-1.06-1.06a5.5 5.5 0 0 0-7.78 7.78l1.06 1.06L12 21.23l7.78-7.78 1.06-1.06a5.5 5.5 0 0 0 0-7.78z\"\/><\/svg><span>S\u1ee9c kh\u1ecfe<\/span><\/a><a href=\"\/vi\/category\/vpn-security\/\" class=\"ets-hp-cat\"><svg xmlns=\"http:\/\/www.w3.org\/2000\/svg\" width=\"28\" height=\"28\" viewBox=\"0 0 24 24\" fill=\"none\" stroke=\"#2563eb\" stroke-width=\"2\" stroke-linecap=\"round\" stroke-linejoin=\"round\"><path d=\"M12 22s8-4 8-10V5l-8-3-8 3v7c0 6 8 10 8 10z\"\/><\/svg><span>VPN v\u00e0 B\u1ea3o m\u1eadt<\/span><\/a><\/div>\n<\/div>\n<div class=\"ets-hp-section\">\n<h2>B\u00e0i vi\u1ebft m\u1edbi nh\u1ea5t<\/h2>\n<div class=\"ets-article-grid\"><a href=\"https:\/\/easytopspot.com\/vi\/hostinger-vs-siteground-so-sanh\/\" class=\"ets-article-card\"><div class=\"ets-card-img\"><img decoding=\"async\" src=\"https:\/\/easytopspot.com\/wp-content\/uploads\/2026\/03\/hero-hostinger-vs-siteground-300x168.jpg\" alt=\"Hostinger vs SiteGround 2026: Web Host N\u00e0o Th\u1ef1c S\u1ef1 \u0110\u00e1ng \u0110\u1ed3ng Ti\u1ec1n C\u1ee7a B\u1ea1n?\" loading=\"lazy\" width=\"400\" height=\"225\" \/><\/div><span class=\"ets-card-cat\">Cong nghe<\/span><h3 class=\"ets-card-title\">Hostinger vs SiteGround 2026: Web Host N\u00e0o Th\u1ef1c S\u1ef1 \u0110\u00e1ng \u0110\u1ed3ng Ti\u1ec1n C\u1ee7a B\u1ea1n?<\/h3><p class=\"ets-card-excerpt\">Trang ch\u1ee7 &rsaquo; C\u00f4ng ngh\u1ec7 &rsaquo; Hostinger vs SiteGround Hostinger vs SiteGround 2026: Web Host N\u00e0o Th\u1ef1c S\u1ef1 \u0110\u00e1ng \u0110\u1ed3ng&hellip;<\/p><\/a><a href=\"https:\/\/easytopspot.com\/vi\/luu-tru-dam-may-tot-nhat-2026\/\" class=\"ets-article-card\"><div class=\"ets-card-img\"><img decoding=\"async\" src=\"https:\/\/easytopspot.com\/wp-content\/uploads\/2026\/03\/hero-cloud-storage-300x169.jpg\" alt=\"L\u01b0u tr\u1eef \u0111\u00e1m m\u00e2y t\u1ed1t nh\u1ea5t 2026: 7 d\u1ecbch v\u1ee5 \u0111\u01b0\u1ee3c th\u1eed nghi\u1ec7m v\u1ec1 t\u1ed1c \u0111\u1ed9, b\u1ea3o m\u1eadt &amp; gi\u00e1 tr\u1ecb\" loading=\"lazy\" width=\"400\" height=\"225\" \/><\/div><span class=\"ets-card-cat\">Cong nghe<\/span><h3 class=\"ets-card-title\">L\u01b0u tr\u1eef \u0111\u00e1m m\u00e2y t\u1ed1t nh\u1ea5t 2026: 7 d\u1ecbch v\u1ee5 \u0111\u01b0\u1ee3c th\u1eed nghi\u1ec7m v\u1ec1 t\u1ed1c \u0111\u1ed9, b\u1ea3o m\u1eadt &amp; gi\u00e1 tr\u1ecb<\/h3><p class=\"ets-card-excerpt\">Trang ch\u1ee7 &rsaquo; C\u00f4ng ngh\u1ec7 &rsaquo; L\u01b0u tr\u1eef \u0111\u00e1m m\u00e2y L\u01b0u tr\u1eef \u0111\u00e1m m\u00e2y t\u1ed1t nh\u1ea5t 2026: 7 d\u1ecbch v\u1ee5&hellip;<\/p><\/a><a href=\"https:\/\/easytopspot.com\/vi\/cach-cai-dat-vpn\/\" class=\"ets-article-card\"><div class=\"ets-card-img\"><img decoding=\"async\" src=\"https:\/\/easytopspot.com\/wp-content\/uploads\/2026\/03\/hero-vpn-v2-300x168.jpg\" alt=\"C\u00e1ch C\u00e0i \u0110\u1eb7t VPN Tr\u00ean M\u1ecdi Thi\u1ebft B\u1ecb N\u0103m 2026: H\u01b0\u1edbng D\u1eabn T\u1eebng B\u01b0\u1edbc\" loading=\"lazy\" width=\"400\" height=\"225\" \/><\/div><span class=\"ets-card-cat\">VPN va Bao mat<\/span><h3 class=\"ets-card-title\">C\u00e1ch C\u00e0i \u0110\u1eb7t VPN Tr\u00ean M\u1ecdi Thi\u1ebft B\u1ecb N\u0103m 2026: H\u01b0\u1edbng D\u1eabn T\u1eebng B\u01b0\u1edbc<\/h3><p class=\"ets-card-excerpt\">Trang ch\u1ee7 &rsaquo; VPN &amp; B\u1ea3o m\u1eadt &rsaquo; C\u00e1ch c\u00e0i \u0111\u1eb7t VPN C\u00e1ch C\u00e0i \u0110\u1eb7t VPN Tr\u00ean M\u1ecdi Thi\u1ebft B\u1ecb&hellip;<\/p><\/a><a href=\"https:\/\/easytopspot.com\/vi\/nordvpn-vs-surfshark-so-sanh\/\" class=\"ets-article-card\"><div class=\"ets-card-img\"><img decoding=\"async\" src=\"https:\/\/easytopspot.com\/wp-content\/uploads\/2026\/03\/hero-nordvpn-vs-surfshark-300x169.jpg\" alt=\"NordVPN vs Surfshark 2026: VPN N\u00e0o Th\u1ef1c S\u1ef1 T\u1ed1t H\u01a1n?\" loading=\"lazy\" width=\"400\" height=\"225\" \/><\/div><span class=\"ets-card-cat\">VPN va Bao mat<\/span><h3 class=\"ets-card-title\">NordVPN vs Surfshark 2026: VPN N\u00e0o Th\u1ef1c S\u1ef1 T\u1ed1t H\u01a1n?<\/h3><p class=\"ets-card-excerpt\">Trang ch\u1ee7 &rsaquo; VPN &amp; B\u1ea3o m\u1eadt &rsaquo; NordVPN vs Surfshark NordVPN vs Surfshark 2026: VPN N\u00e0o Th\u1ef1c S\u1ef1 T\u1ed1t&hellip;<\/p><\/a><a href=\"https:\/\/easytopspot.com\/vi\/nen-tang-email-marketing-tot-nhat\/\" class=\"ets-article-card\"><div class=\"ets-card-img\"><img decoding=\"async\" src=\"https:\/\/easytopspot.com\/wp-content\/uploads\/2026\/03\/hero-email-marketing-v2-300x168.jpg\" alt=\"N\u1ec1n T\u1ea3ng Email Marketing T\u1ed1t Nh\u1ea5t 2026: 7 D\u1ecbch V\u1ee5 \u0110\u00e3 \u0110\u01b0\u1ee3c Ki\u1ec3m Tra V\u1ec1 T\u00ednh N\u0103ng, T\u1ef7 L\u1ec7 G\u1eedi Th\u00e0nh C\u00f4ng &amp; Gi\u00e1 Tr\u1ecb\" loading=\"lazy\" width=\"400\" height=\"225\" \/><\/div><span class=\"ets-card-cat\">Tiep thi<\/span><h3 class=\"ets-card-title\">N\u1ec1n T\u1ea3ng Email Marketing T\u1ed1t Nh\u1ea5t 2026: 7 D\u1ecbch V\u1ee5 \u0110\u00e3 \u0110\u01b0\u1ee3c Ki\u1ec3m Tra V\u1ec1 T\u00ednh N\u0103ng, T\u1ef7 L\u1ec7 G\u1eedi Th\u00e0nh C\u00f4ng &amp; Gi\u00e1 Tr\u1ecb<\/h3><p class=\"ets-card-excerpt\">Trang ch\u1ee7 &rsaquo; Email Marketing &rsaquo; N\u1ec1n t\u1ea3ng N\u1ec1n T\u1ea3ng Email Marketing T\u1ed1t Nh\u1ea5t 2026: 7 D\u1ecbch V\u1ee5 \u0110\u00e3 \u0110\u01b0\u1ee3c&hellip;<\/p><\/a><a href=\"https:\/\/easytopspot.com\/vi\/dich-vu-vpn-tot-nhat\/\" class=\"ets-article-card\"><div class=\"ets-card-img\"><img decoding=\"async\" src=\"https:\/\/easytopspot.com\/wp-content\/uploads\/2026\/03\/hero-vpn-v2-300x168.jpg\" alt=\"D\u1ecbch v\u1ee5 VPN T\u1ed1t nh\u1ea5t 2026: 7 Nh\u00e0 cung c\u1ea5p \u0111\u01b0\u1ee3c ki\u1ec3m tra v\u1ec1 T\u1ed1c \u0111\u1ed9, Quy\u1ec1n ri\u00eang t\u01b0 &amp; Truy\u1ec1n ph\u00e1t\" loading=\"lazy\" width=\"400\" height=\"225\" \/><\/div><span class=\"ets-card-cat\">VPN va Bao mat<\/span><h3 class=\"ets-card-title\">D\u1ecbch v\u1ee5 VPN T\u1ed1t nh\u1ea5t 2026: 7 Nh\u00e0 cung c\u1ea5p \u0111\u01b0\u1ee3c ki\u1ec3m tra v\u1ec1 T\u1ed1c \u0111\u1ed9, Quy\u1ec1n ri\u00eang t\u01b0 &amp; Truy\u1ec1n ph\u00e1t<\/h3><p class=\"ets-card-excerpt\">Trang ch\u1ee7 &rsaquo; VPN &amp; B\u1ea3o m\u1eadt &rsaquo; D\u1ecbch v\u1ee5 VPN D\u1ecbch v\u1ee5 VPN T\u1ed1t nh\u1ea5t 2026: 7 Nh\u00e0 cung&hellip;<\/p><\/a><\/div><\/div>\n<\/div>\n","protected":false},"excerpt":{"rendered":"<p>\u0110\u00e1nh gi\u00e1 \u0111\u1ed9c l\u1eadp \u0111\u00e1ng tin c\u1eady Ch\u00fang t\u00f4i ki\u1ec3m tra, so s\u00e1nh v\u00e0 x\u1ebfp h\u1ea1ng s\u1ea3n ph\u1ea9m. Kh\u00e1m ph\u00e1 theo danh m\u1ee5c C\u00f4ng ngh\u1ec7T\u00e0i ch\u00ednhTi\u1ebfp th\u1ecbS\u1ee9c kh\u1ecfeVPN v\u00e0 B\u1ea3o &#8230; <a title=\"D\u1ecbch v\u1ee5 VPN T\u1ed1t nh\u1ea5t 2026: 7 Nh\u00e0 cung c\u1ea5p \u0111\u01b0\u1ee3c ki\u1ec3m tra v\u1ec1 T\u1ed1c \u0111\u1ed9, Quy\u1ec1n ri\u00eang t\u01b0 &amp; Truy\u1ec1n ph\u00e1t\" class=\"read-more\" href=\"https:\/\/easytopspot.com\/vi\/dich-vu-vpn-tot-nhat\/\" aria-label=\"Read more about D\u1ecbch v\u1ee5 VPN T\u1ed1t nh\u1ea5t 2026: 7 Nh\u00e0 cung c\u1ea5p \u0111\u01b0\u1ee3c ki\u1ec3m tra v\u1ec1 T\u1ed1c \u0111\u1ed9, Quy\u1ec1n ri\u00eang t\u01b0 &amp; Truy\u1ec1n ph\u00e1t\">Read More \u2192<\/a><\/p>\n","protected":false},"author":0,"featured_media":0,"parent":0,"menu_order":0,"comment_status":"closed","ping_status":"closed","template":"","meta":{"footnotes":""},"class_list":["post-49","page","type-page","status-publish","hentry"],"_links":{"self":[{"href":"https:\/\/easytopspot.com\/vi\/wp-json\/wp\/v2\/pages\/49","targetHints":{"allow":["GET"]}}],"collection":[{"href":"https:\/\/easytopspot.com\/vi\/wp-json\/wp\/v2\/pages"}],"about":[{"href":"https:\/\/easytopspot.com\/vi\/wp-json\/wp\/v2\/types\/page"}],"replies":[{"embeddable":true,"href":"https:\/\/easytopspot.com\/vi\/wp-json\/wp\/v2\/comments?post=49"}],"version-history":[{"count":5,"href":"https:\/\/easytopspot.com\/vi\/wp-json\/wp\/v2\/pages\/49\/revisions"}],"predecessor-version":[{"id":881,"href":"https:\/\/easytopspot.com\/vi\/wp-json\/wp\/v2\/pages\/49\/revisions\/881"}],"wp:attachment":[{"href":"https:\/\/easytopspot.com\/vi\/wp-json\/wp\/v2\/media?parent=49"}],"curies":[{"name":"wp","href":"https:\/\/api.w.org\/{rel}","templated":true}]}}